{"id":99,"date":"2017-06-15T09:46:50","date_gmt":"2017-06-15T08:46:50","guid":{"rendered":"http:\/\/hauteverger\/?page_id=99"},"modified":"2023-02-09T17:34:28","modified_gmt":"2023-02-09T16:34:28","slug":"streek","status":"publish","type":"page","link":"https:\/\/www.domainelehautverger.nl\/fr\/omgeving\/streek\/","title":{"rendered":"R\u00e9gion"},"content":{"rendered":"<p><\/p>\n<h1>LE\u00a0BERRY? BERRYSSIMO!<\/h1>\n<p>Le Berry, le coeur romantique de la France, \u00e9tait un duch\u00e9 qui appartenait \u00e0 la Couronne fran\u00e7aise. Un beau paysage de bocage vallonn\u00e9 o\u00f9 les champs et les pr\u00e9s, bord\u00e9s d&rsquo;aub\u00e9pines, sont entrecoup\u00e9s de for\u00eats. L\u00e0 o\u00f9 d&rsquo;innombrables ruisseaux traversent le pays et s&rsquo;unissent avec de petites et grandes rivi\u00e8res. O\u00f9 les cerfs et les blaireaux se prom\u00e8nent et o\u00f9 vous pouvez \u00e9couter le concert d&rsquo;innombrables esp\u00e8ces d&rsquo;oiseaux.<\/p>\n<p>Le monde civilis\u00e9 m\u00e9rite \u00e9galement une visite. Il y a des villages pittoresques partout, comme Saint-Marcel, Nohant-Vic, Saint-Beno\u00eet-du-Sault et bien s\u00fbr Gargilesse, et des villes charmantes comme La Ch\u00e2tre, Valen\u00e7ay et l&rsquo;ancienne capitale Bourges, avec sa magnifique cath\u00e9drale.<\/p>\n<p>Dans de nombreux endroits, il y a des march\u00e9s agr\u00e9ables chaque semaine avec une vari\u00e9t\u00e9 de produits r\u00e9gionaux. Et pendant l&rsquo;\u00e9t\u00e9 il y a beaucoup de brocantes, de beaux march\u00e9s aux puces o\u00f9 tout le monde peut trouver quelque chose \u00e0 son go\u00fbt. Sans oublier les terrasses, les caf\u00e9s, les bons restaurants et les boutiques attrayantes.<\/p>\n<p>Et enfin, les habitants de cette Arcadie, les Berrichons. Ils sont ouverts et amicaux. D\u00e8s le d\u00e9but, nous nous sentons chez nous ici, et les bienvenus. Et les Berrichons vous accueilleront aussi chaleureusement, pour c\u00e9l\u00e9brer vos vacances, pour participer \u00e0 des festivit\u00e9s ou tout simplement pour profiter de leur merveilleux duch\u00e9.<\/p>","protected":false},"excerpt":{"rendered":"<p>LE\u00a0BERRY? BERRYSSIMO! Le Berry, le coeur romantique de la France, \u00e9tait un duch\u00e9 qui appartenait \u00e0 la Couronne fran\u00e7aise. Un beau paysage de bocage vallonn\u00e9 o\u00f9 les champs et les pr\u00e9s, bord\u00e9s d&rsquo;aub\u00e9pines, sont entrecoup\u00e9s de for\u00eats. L\u00e0 o\u00f9 d&rsquo;innombrables ruisseaux traversent le pays et s&rsquo;unissent avec de petites et grandes rivi\u00e8res. O\u00f9 les cerfs [&hellip;]<\/p>\n","protected":false},"author":1,"featured_media":2229,"parent":33,"menu_order":21,"comment_status":"closed","ping_status":"closed","template":"template_kamer.php","meta":[],"acf":[],"aioseo_notices":[],"_links":{"self":[{"href":"https:\/\/www.domainelehautverger.nl\/fr\/wp-json\/wp\/v2\/pages\/99"}],"collection":[{"href":"https:\/\/www.domainelehautverger.nl\/fr\/wp-json\/wp\/v2\/pages"}],"about":[{"href":"https:\/\/www.domainelehautverger.nl\/fr\/wp-json\/wp\/v2\/types\/page"}],"author":[{"embeddable":true,"href":"https:\/\/www.domainelehautverger.nl\/fr\/wp-json\/wp\/v2\/users\/1"}],"replies":[{"embeddable":true,"href":"https:\/\/www.domainelehautverger.nl\/fr\/wp-json\/wp\/v2\/comments?post=99"}],"version-history":[{"count":11,"href":"https:\/\/www.domainelehautverger.nl\/fr\/wp-json\/wp\/v2\/pages\/99\/revisions"}],"predecessor-version":[{"id":3816,"href":"https:\/\/www.domainelehautverger.nl\/fr\/wp-json\/wp\/v2\/pages\/99\/revisions\/3816"}],"up":[{"embeddable":true,"href":"https:\/\/www.domainelehautverger.nl\/fr\/wp-json\/wp\/v2\/pages\/33"}],"wp:featuredmedia":[{"embeddable":true,"href":"https:\/\/www.domainelehautverger.nl\/fr\/wp-json\/wp\/v2\/media\/2229"}],"wp:attachment":[{"href":"https:\/\/www.domainelehautverger.nl\/fr\/wp-json\/wp\/v2\/media?parent=99"}],"curies":[{"name":"wp","href":"https:\/\/api.w.org\/{rel}","templated":true}]}}