{"id":91,"date":"2017-06-15T09:44:47","date_gmt":"2017-06-15T08:44:47","guid":{"rendered":"http:\/\/hauteverger\/?page_id=91"},"modified":"2022-09-15T16:01:36","modified_gmt":"2022-09-15T14:01:36","slug":"moestuin","status":"publish","type":"page","link":"https:\/\/www.domainelehautverger.nl\/fr\/over-ons\/moestuin\/","title":{"rendered":"Le potager"},"content":{"rendered":"<p><\/p>\n<h1>LE POTAGER<\/h1>\n<p>Nous avions d\u00e9j\u00e0 d\u00e9couvert aux Pays-Bas que nous sommes en r\u00e9alit\u00e9 des jardiniers passionn\u00e9s. Nous avions un tr\u00e8s petit potager et aimions travailler tr\u00e8s t\u00f4t le matin dans le jardin. Semer et planter pleins d&rsquo;espoir. Se perdre compl\u00e8tement dans le d\u00e9sherbage, ne plus penser \u00e0 rien. Ou le plaisir de r\u00e9colter et de traiter la r\u00e9colte. Et bien s\u00fbr la nourriture et profiter de ses propres l\u00e9gumes !<\/p>\n<p>Donc naturellement nous avons r\u00e9serv\u00e9 un grand terrain ici pour un vrai potager. Comme les mauvaises herbes de toutes formes et de toutes tailles prolif\u00e9raient dans notre futur paradis v\u00e9g\u00e9tal, nous avons commenc\u00e9 modestement avec un petit potager, et avons \u00e9galement recouvert un grand terrain de toile \u00e0 racines pendant deux ans. Cela fonctionne \u00e0 merveille et ne demande pratiquement aucun effort.<\/p>\n<p>Entre-temps, le jardin s&rsquo;est consid\u00e9rablement d\u00e9velopp\u00e9 et nous avons, en plus de notre serre de semis et de bouturage, \u00e9galement construit une serre tunnel. Nous y cultivons des tomates, des poivrons, des melons, des haricots longs et des concombres. Le jardin nous fournit des courgettes, toutes sortes de haricots, des choux et des laitues, des betteraves, des citrouilles, du ma\u00efs, des radis, des \u00e9pinards, des pommes de terre et des herbes vertes. Et une vari\u00e9t\u00e9 de fleurs \u00e0 couper !<\/p>","protected":false},"excerpt":{"rendered":"<p>LE POTAGER Nous avions d\u00e9j\u00e0 d\u00e9couvert aux Pays-Bas que nous sommes en r\u00e9alit\u00e9 des jardiniers passionn\u00e9s. Nous avions un tr\u00e8s petit potager et aimions travailler tr\u00e8s t\u00f4t le matin dans le jardin. Semer et planter pleins d&rsquo;espoir. Se perdre compl\u00e8tement dans le d\u00e9sherbage, ne plus penser \u00e0 rien. Ou le plaisir de r\u00e9colter et de [&hellip;]<\/p>\n","protected":false},"author":1,"featured_media":2218,"parent":2,"menu_order":6,"comment_status":"closed","ping_status":"closed","template":"template_kamer.php","meta":[],"acf":[],"aioseo_notices":[],"_links":{"self":[{"href":"https:\/\/www.domainelehautverger.nl\/fr\/wp-json\/wp\/v2\/pages\/91"}],"collection":[{"href":"https:\/\/www.domainelehautverger.nl\/fr\/wp-json\/wp\/v2\/pages"}],"about":[{"href":"https:\/\/www.domainelehautverger.nl\/fr\/wp-json\/wp\/v2\/types\/page"}],"author":[{"embeddable":true,"href":"https:\/\/www.domainelehautverger.nl\/fr\/wp-json\/wp\/v2\/users\/1"}],"replies":[{"embeddable":true,"href":"https:\/\/www.domainelehautverger.nl\/fr\/wp-json\/wp\/v2\/comments?post=91"}],"version-history":[{"count":25,"href":"https:\/\/www.domainelehautverger.nl\/fr\/wp-json\/wp\/v2\/pages\/91\/revisions"}],"predecessor-version":[{"id":3553,"href":"https:\/\/www.domainelehautverger.nl\/fr\/wp-json\/wp\/v2\/pages\/91\/revisions\/3553"}],"up":[{"embeddable":true,"href":"https:\/\/www.domainelehautverger.nl\/fr\/wp-json\/wp\/v2\/pages\/2"}],"wp:featuredmedia":[{"embeddable":true,"href":"https:\/\/www.domainelehautverger.nl\/fr\/wp-json\/wp\/v2\/media\/2218"}],"wp:attachment":[{"href":"https:\/\/www.domainelehautverger.nl\/fr\/wp-json\/wp\/v2\/media?parent=91"}],"curies":[{"name":"wp","href":"https:\/\/api.w.org\/{rel}","templated":true}]}}