{"id":85,"date":"2017-06-15T09:43:45","date_gmt":"2017-06-15T08:43:45","guid":{"rendered":"http:\/\/hauteverger\/?page_id=85"},"modified":"2025-09-14T14:36:23","modified_gmt":"2025-09-14T12:36:23","slug":"ontbijt","status":"publish","type":"page","link":"https:\/\/www.domainelehautverger.nl\/fr\/kamers\/ontbijt\/","title":{"rendered":"Petit-d\u00e9jeuner"},"content":{"rendered":"<p><\/p>\n<h1>LE PETIT-D\u00c9JEUNER : UN BON D\u00c9BUT &#8230;<\/h1>\n<p>La plupart des Fran\u00e7ais ne prennent pas un petit-d\u00e9jeuner copieux. Mais en vacances, \u00e7a peut \u00eatre diff\u00e9rent. Au Domaine Le Haut Verger nous servons un d\u00e9licieux petit-d\u00e9jeuner avec diff\u00e9rents types de pain, de fromages et &#8211; si vous le souhaitez &#8211; de charcuterie ; de temps en temps un plat d&rsquo;\u0153ufs et toujours nos confitures faites maison. Pour changer, un yaourt maison, avec ou sans c\u00e9r\u00e9ales et miel d&rsquo;acacia ou de tilleul. Vous pouvez \u00e9galement choisir entre le caf\u00e9, le th\u00e9 ou le chocolat. Et bien s\u00fbr, un verre de jus de fruits vous est propos\u00e9 chaque matin.<\/p>\n<p>Les h\u00f4tes de nos g\u00eetes peuvent \u00e9galement prendre leur petit-d\u00e9jeuner chez nous dans la salle \u00e0 manger (12 euros p.p.). Si vous nous pr\u00e9venez un jour \u00e0 l&rsquo;avance, nous ferons en sorte que vous puissiez profiter d&rsquo;un petit-d\u00e9jeuner \u00e0 votre go\u00fbt.<\/p>\n<p>Vous souhaitez emporter un panier-repas ? Nous le fournissons pour 10 euros (sans boissons ; nous remplissons toutefois votre thermos \u00e0 votre demande avec de l&rsquo;eau chaude, du caf\u00e9 ou du th\u00e9).<\/p>\n<p>Nous servons le petit-d\u00e9jeuner entre 8h00 et 09h30. Vous d\u00e9sirez faire la grasse matin\u00e9e ? Ou, bien au contraire, vous d\u00e9sirez vous lever un matin tr\u00e8s t\u00f4t ? Demandez-nous !<\/p>","protected":false},"excerpt":{"rendered":"<p>LE PETIT-D\u00c9JEUNER : UN BON D\u00c9BUT &#8230; La plupart des Fran\u00e7ais ne prennent pas un petit-d\u00e9jeuner copieux. Mais en vacances, \u00e7a peut \u00eatre diff\u00e9rent. Au Domaine Le Haut Verger nous servons un d\u00e9licieux petit-d\u00e9jeuner avec diff\u00e9rents types de pain, de fromages et &#8211; si vous le souhaitez &#8211; de charcuterie ; de temps en temps [&hellip;]<\/p>\n","protected":false},"author":1,"featured_media":1977,"parent":5,"menu_order":14,"comment_status":"closed","ping_status":"closed","template":"","meta":[],"acf":[],"aioseo_notices":[],"_links":{"self":[{"href":"https:\/\/www.domainelehautverger.nl\/fr\/wp-json\/wp\/v2\/pages\/85"}],"collection":[{"href":"https:\/\/www.domainelehautverger.nl\/fr\/wp-json\/wp\/v2\/pages"}],"about":[{"href":"https:\/\/www.domainelehautverger.nl\/fr\/wp-json\/wp\/v2\/types\/page"}],"author":[{"embeddable":true,"href":"https:\/\/www.domainelehautverger.nl\/fr\/wp-json\/wp\/v2\/users\/1"}],"replies":[{"embeddable":true,"href":"https:\/\/www.domainelehautverger.nl\/fr\/wp-json\/wp\/v2\/comments?post=85"}],"version-history":[{"count":33,"href":"https:\/\/www.domainelehautverger.nl\/fr\/wp-json\/wp\/v2\/pages\/85\/revisions"}],"predecessor-version":[{"id":4167,"href":"https:\/\/www.domainelehautverger.nl\/fr\/wp-json\/wp\/v2\/pages\/85\/revisions\/4167"}],"up":[{"embeddable":true,"href":"https:\/\/www.domainelehautverger.nl\/fr\/wp-json\/wp\/v2\/pages\/5"}],"wp:featuredmedia":[{"embeddable":true,"href":"https:\/\/www.domainelehautverger.nl\/fr\/wp-json\/wp\/v2\/media\/1977"}],"wp:attachment":[{"href":"https:\/\/www.domainelehautverger.nl\/fr\/wp-json\/wp\/v2\/media?parent=85"}],"curies":[{"name":"wp","href":"https:\/\/api.w.org\/{rel}","templated":true}]}}