{"id":82,"date":"2017-06-15T09:43:05","date_gmt":"2017-06-15T08:43:05","guid":{"rendered":"http:\/\/hauteverger\/?page_id=82"},"modified":"2022-04-04T17:37:18","modified_gmt":"2022-04-04T15:37:18","slug":"aanbiedingen","status":"publish","type":"page","link":"https:\/\/www.domainelehautverger.nl\/fr\/workshops\/aanbiedingen\/","title":{"rendered":"Offres sp\u00e9cials"},"content":{"rendered":"<p><\/p>\n<h1>DES OFFRES INT\u00c9RESSANTES<\/h1>\n<p>Il y a quelques offres que nous avons toujours. Par exemple, si vous souhaitez utiliser un de nos g\u00eetes pour une p\u00e9riode plus longue en d\u00e9but ou en fin de saison.<\/p>\n<p>D&rsquo;autres offres vont et viennent avec les saisons. Ou sont uniques, quand nous arrivons soudainement \u00e0 imaginer un plan int\u00e9ressant.<\/p>\n<p>Alors : gardez un \u0153il sur nos <a href=\"https:\/\/www.domainelehautverger.nl\/samenboekkorting-gites-laagseizoen\/\">offres sp\u00e9ciales<\/a> !<\/p>","protected":false},"excerpt":{"rendered":"<p>DES OFFRES INT\u00c9RESSANTES Il y a quelques offres que nous avons toujours. Par exemple, si vous souhaitez utiliser un de nos g\u00eetes pour une p\u00e9riode plus longue en d\u00e9but ou en fin de saison. D&rsquo;autres offres vont et viennent avec les saisons. Ou sont uniques, quand nous arrivons soudainement \u00e0 imaginer un plan int\u00e9ressant. Alors [&hellip;]<\/p>\n","protected":false},"author":1,"featured_media":2117,"parent":2381,"menu_order":32,"comment_status":"closed","ping_status":"closed","template":"template_kamer.php","meta":[],"acf":[],"aioseo_notices":[],"_links":{"self":[{"href":"https:\/\/www.domainelehautverger.nl\/fr\/wp-json\/wp\/v2\/pages\/82"}],"collection":[{"href":"https:\/\/www.domainelehautverger.nl\/fr\/wp-json\/wp\/v2\/pages"}],"about":[{"href":"https:\/\/www.domainelehautverger.nl\/fr\/wp-json\/wp\/v2\/types\/page"}],"author":[{"embeddable":true,"href":"https:\/\/www.domainelehautverger.nl\/fr\/wp-json\/wp\/v2\/users\/1"}],"replies":[{"embeddable":true,"href":"https:\/\/www.domainelehautverger.nl\/fr\/wp-json\/wp\/v2\/comments?post=82"}],"version-history":[{"count":28,"href":"https:\/\/www.domainelehautverger.nl\/fr\/wp-json\/wp\/v2\/pages\/82\/revisions"}],"predecessor-version":[{"id":3438,"href":"https:\/\/www.domainelehautverger.nl\/fr\/wp-json\/wp\/v2\/pages\/82\/revisions\/3438"}],"up":[{"embeddable":true,"href":"https:\/\/www.domainelehautverger.nl\/fr\/wp-json\/wp\/v2\/pages\/2381"}],"wp:featuredmedia":[{"embeddable":true,"href":"https:\/\/www.domainelehautverger.nl\/fr\/wp-json\/wp\/v2\/media\/2117"}],"wp:attachment":[{"href":"https:\/\/www.domainelehautverger.nl\/fr\/wp-json\/wp\/v2\/media?parent=82"}],"curies":[{"name":"wp","href":"https:\/\/api.w.org\/{rel}","templated":true}]}}