{"id":80,"date":"2017-06-15T09:42:16","date_gmt":"2017-06-15T07:42:16","guid":{"rendered":"http:\/\/hauteverger\/?page_id=80"},"modified":"2026-04-07T22:50:21","modified_gmt":"2026-04-07T20:50:21","slug":"lmdj","status":"publish","type":"page","link":"https:\/\/www.domainelehautverger.nl\/fr\/kamers\/lmdj\/","title":{"rendered":"La Maison du Jardinier"},"content":{"rendered":"<p>&nbsp;<\/p>\r\n<h1>LA MAISON DU JARDINIER<\/h1>\r\n<p>C\u2019est ici que vivaient le jardinier du Domaine Le Haut Verger et sa famille. \u00c0 cette \u00e9poque, vu que les toilettes se trouvaient \u00e0 l\u2019ext\u00e9rieur, qui avait la nuit une envie pressante devait sortir et prendre l\u2019escalier. Mais ces temps rustiques sont loin derri\u00e8re nous. Aujourd\u2019hui, la Maison du Jardinier est un g\u00eete douillet et confortable pour deux personnes. Avec une grande cuisine ouverte, enti\u00e8rement \u00e9quip\u00e9e, un joli salon et une chambre avec douche et lavabo. Les toilettes sont\u2026 dans le couloir, ainsi comme un grand vestiaire.<\/p>\r\n<p>Si vous venez dans une p\u00e9riode plus froide de l&rsquo;ann\u00e9e, rien ne s&rsquo;oppose \u00e0 un s\u00e9jour agr\u00e9able et chaleureux. Le g\u00eete dispose d\u2019un chauffage \u00e9lectrique et il y a aussi un po\u00eale \u00e0 bois. Nous vous ferons cadeau d&rsquo;une brouette de bois.Vous pouvez acheter plus de bois chez nous \u00e0 un prix raisonnable.<\/p>\r\n<p>La grande terrasse du balcon est confortablement meubl\u00e9e, chaises longues inclues, et vous jouirez d\u2019une vue magnifique sur la vall\u00e9e de la Creuse. Vous pouvez \u00e9galement utiliser la belle terrasse situ\u00e9e \u00e0 c\u00f4t\u00e9 du manoir.<\/p>\r\n<p>Souhaitez-vous que nous vous servions un petit-d\u00e9jeuner ? C&rsquo;est possible. Pour 12,00 \u20ac p.p., vous pouvez profiter d&rsquo;un petit d\u00e9jeuner copieux.<\/p>\r\n<p>En d\u00e9but ou en fin de saison, vous pouvez louer La Maison du Jardinier pour un &lsquo;prix d&rsquo;ami&rsquo; pendant une p\u00e9riode de plus d&rsquo;un mois. Nous serons heureux de vous fournir de plus amples informations.<\/p>\r\n<p>Le g\u00eete n&rsquo;est pas accessible aux personnes \u00e0 mobilit\u00e9 r\u00e9duite.<\/p>\r\n<p><strong>ANIMAUX DOMESTIQUES<\/strong><br \/>Nous n\u2019autorisons pas les animaux domestiques tels que les chiens et les chats dans nos logements et sur le terrain. Les chevaux, poneys, \u00e2nes et mules sont les bienvenus.<\/p>\r\n<p><strong>TARIF<\/strong> (pour 1 ou 2 personnes, linge de maison et taxe de s\u00e9jour inclus) :<\/p>\r\n<p>HAUTE SAISON (de d\u00e9but-juin \u00e0 fin-ao\u00fbt)<\/p>\r\n<p>par semaine*\u00a0 \u00a0 \u00a0 \u00a0 \u00a0\u20ac 625,-<\/p>\r\n<p>AVANT- ET ARRI\u00c8RE-SAISON (avril &#8211; mai &amp; septembre &#8211; octobre)<\/p>\r\n<p>par semaine\u00a0 \u00a0 \u00a0 \u00a0 \u00a0 \u00a0\u20ac 560,-<\/p>\r\n<p>par nuit*\u00a0 \u00a0 \u00a0 \u00a0 \u00a0 \u00a0 \u00a0 \u00a0 \u00a0\u20ac 80,-<\/p>\r\n<p>BASSE SAISON (novembre &#8211; mars)<\/p>\r\n<p>par semaine\u00a0 \u00a0 \u00a0 \u00a0 \u00a0 \u00a0\u20ac 490,-<\/p>\r\n<p>par nuit*\u00a0 \u00a0 \u00a0 \u00a0 \u00a0 \u00a0 \u00a0 \u00a0 \u00a0\u20ac 70,-<\/p>\r\n<p>Votre contribution aux frais de nettoyage en fin de s\u00e9jour (en toutes saisons)\u00a0 \u00a0\u20ac 75,-<\/p>\r\n<p>Malheureusement, \u00e0 partir de 2023, le co\u00fbt de l&rsquo;\u00e9lectricit\u00e9 n&rsquo;est plus enti\u00e8rement inclus dans le loyer. Nous vous fournirons 8 kWh par jour, apr\u00e8s quoi vous serez factur\u00e9 pour l&rsquo;\u00e9lectricit\u00e9 effectivement consomm\u00e9e (actuellement autour de 25 cents\/kWh).<\/p>\r\n<p><em>*En haute saison, nous ne louons qu&rsquo;\u00e0 la semaine, en principe du samedi au samedi. En dehors de la haute saison, la dur\u00e9e minimale de location est de 4 nuits.<\/em><\/p>","protected":false},"excerpt":{"rendered":"<p>&nbsp; LA MAISON DU JARDINIER C\u2019est ici que vivaient le jardinier du Domaine Le Haut Verger et sa famille. \u00c0 cette \u00e9poque, vu que les toilettes se trouvaient \u00e0 l\u2019ext\u00e9rieur, qui avait la nuit une envie pressante devait sortir et prendre l\u2019escalier. Mais ces temps rustiques sont loin derri\u00e8re nous. Aujourd\u2019hui, la Maison du Jardinier [&hellip;]<\/p>\n","protected":false},"author":1,"featured_media":1867,"parent":5,"menu_order":8,"comment_status":"closed","ping_status":"closed","template":"template_kamer.php","meta":[],"acf":[],"aioseo_notices":[],"_links":{"self":[{"href":"https:\/\/www.domainelehautverger.nl\/fr\/wp-json\/wp\/v2\/pages\/80"}],"collection":[{"href":"https:\/\/www.domainelehautverger.nl\/fr\/wp-json\/wp\/v2\/pages"}],"about":[{"href":"https:\/\/www.domainelehautverger.nl\/fr\/wp-json\/wp\/v2\/types\/page"}],"author":[{"embeddable":true,"href":"https:\/\/www.domainelehautverger.nl\/fr\/wp-json\/wp\/v2\/users\/1"}],"replies":[{"embeddable":true,"href":"https:\/\/www.domainelehautverger.nl\/fr\/wp-json\/wp\/v2\/comments?post=80"}],"version-history":[{"count":128,"href":"https:\/\/www.domainelehautverger.nl\/fr\/wp-json\/wp\/v2\/pages\/80\/revisions"}],"predecessor-version":[{"id":4213,"href":"https:\/\/www.domainelehautverger.nl\/fr\/wp-json\/wp\/v2\/pages\/80\/revisions\/4213"}],"up":[{"embeddable":true,"href":"https:\/\/www.domainelehautverger.nl\/fr\/wp-json\/wp\/v2\/pages\/5"}],"wp:featuredmedia":[{"embeddable":true,"href":"https:\/\/www.domainelehautverger.nl\/fr\/wp-json\/wp\/v2\/media\/1867"}],"wp:attachment":[{"href":"https:\/\/www.domainelehautverger.nl\/fr\/wp-json\/wp\/v2\/media?parent=80"}],"curies":[{"name":"wp","href":"https:\/\/api.w.org\/{rel}","templated":true}]}}