{"id":78,"date":"2017-06-15T09:41:45","date_gmt":"2017-06-15T08:41:45","guid":{"rendered":"http:\/\/hauteverger\/?page_id=78"},"modified":"2025-09-14T13:56:01","modified_gmt":"2025-09-14T11:56:01","slug":"la-remise","status":"publish","type":"page","link":"https:\/\/www.domainelehautverger.nl\/fr\/kamers\/la-remise\/","title":{"rendered":"La Remise"},"content":{"rendered":"<p>&nbsp;<\/p>\r\n<h1>G\u00ceTE LA\u00a0 REMISE<\/h1>\r\n<p>C\u2019est ici, qu\u2019autrefois, on entretenait et astiquait les voitures de la famille Lafarge, famille qui \u00e9tait depuis longtemps la propri\u00e9taire du Domaine Le Haut Verger. La Remise se trouvait au-dessous de la Maison du Jardinier, ce qui \u00e9tait pratique, vu que le jardinier \u00e9tait \u00e9galement le chauffeur &#8230;<\/p>\r\n<p>Nous avons transform\u00e9 cet espace en un grand salon, alias chambre \u00e0 coucher : un studio tout \u00e0 fait charmant. La cuisine s\u00e9par\u00e9e est enti\u00e8rement \u00e9quip\u00e9e, avec entre autres un micro-ondes. \u00c0 c\u00f4t\u00e9 de la cuisine, la salle de bain, spacieuse, avec douche, toilettes et lavabo. Devant le g\u00eete, la grande terrasse jouit d\u2019une belle vue sur la vall\u00e9e de la Creuse et est agr\u00e9ment\u00e9e de beaucoup de plantes en pots et, si vous le d\u00e9sirez, de grandes chaises longues et de meubles de jardin. Et vous pouvez \u00e9galement utiliser la belle terrasse situ\u00e9e \u00e0 c\u00f4t\u00e9 du manoir.<\/p>\r\n<p>Le g\u00eete se chauffe facilement, ce qui permet un s\u00e9jour confortable pendant la saison froide.<\/p>\r\n<p>Souhaitez-vous que nous vous servions un petit-d\u00e9jeuner ? C&rsquo;est possible. Pour 12,00 \u20ac p.p., vous pouvez profiter d&rsquo;un petit d\u00e9jeuner copieux.<\/p>\r\n<p>En d\u00e9but ou en fin de saison, vous pouvez louer La Remise pour un &lsquo;prix d&rsquo;ami&rsquo; pendant une p\u00e9riode de plus d&rsquo;un mois. Nous sommes heureux de vous fournir de plus amples informations.<\/p>\r\n<p>Le g\u00eete est accessible aux personnes \u00e0 mobilit\u00e9 r\u00e9duite. Nous pouvons \u00e9galement fournir une chaise de douche.<\/p>\r\n<p><strong>ANIMAUX DOMESTIQUES<\/strong><br \/>Nous n\u2019autorisons pas les animaux domestiques tels que les chiens et les chats dans nos logements et sur le terrain. Les chevaux, poneys, \u00e2nes et mules sont les bienvenus.<\/p>\r\n<p><strong>TARIF<\/strong> (pour 1 ou 2 personnes, linge de maison et taxe de s\u00e9jour inclus) :<\/p>\r\n<p>HAUTE SAISON (de d\u00e9but-juin \u00e0 fin-ao\u00fbt)<\/p>\r\n<p>par semaine*\u00a0 \u00a0 \u00a0 \u20ac 625,-<\/p>\r\n<p>AVANT- ET ARRI\u00c8RE-SAISON (de d\u00e9but-septembre \u00e0 fin-mai)<\/p>\r\n<p>par semaine\u00a0 \u00a0 \u00a0 \u00a0\u20ac 560,-<\/p>\r\n<p>par nuit*\u00a0 \u00a0 \u00a0 \u00a0 \u00a0 \u00a0 \u00a0\u20ac 80,-<\/p>\r\n<p>BASSE SAISON (de d\u00e9but novembre \u00e0 fin mars)<\/p>\r\n<p>par semaine\u00a0 \u00a0 \u00a0 \u00a0\u20ac 490,-<\/p>\r\n<p>par nuit*\u00a0 \u00a0 \u00a0 \u00a0 \u00a0 \u00a0 \u00a0\u20ac 70,-<\/p>\r\n<p>Votre contribution aux frais de nettoyage en fin de s\u00e9jour (en toutes saisons)\u00a0 \u00a0 \u00a0\u20ac 75,-<\/p>\r\n<p>Malheureusement, \u00e0 partir de 2023, le co\u00fbt de l&rsquo;\u00e9lectricit\u00e9 n&rsquo;est plus enti\u00e8rement inclus dans le loyer. Nous vous fournirons 8 kWh par jour, apr\u00e8s quoi vous serez factur\u00e9 pour l&rsquo;\u00e9lectricit\u00e9 effectivement consomm\u00e9e (actuellement autour de 25 cents\/kWh).<\/p>\r\n<p><em>*En haute saison, nous ne louons qu&rsquo;\u00e0 la semaine, en principe du samedi au samedi. En dehors de la haute saison, la dur\u00e9e minimale de location est de 4 nuits.<\/em><\/p>\r\n\r\n<p>&nbsp;<\/p>","protected":false},"excerpt":{"rendered":"<p>&nbsp; G\u00ceTE LA\u00a0 REMISE C\u2019est ici, qu\u2019autrefois, on entretenait et astiquait les voitures de la famille Lafarge, famille qui \u00e9tait depuis longtemps la propri\u00e9taire du Domaine Le Haut Verger. La Remise se trouvait au-dessous de la Maison du Jardinier, ce qui \u00e9tait pratique, vu que le jardinier \u00e9tait \u00e9galement le chauffeur &#8230; Nous avons transform\u00e9 [&hellip;]<\/p>\n","protected":false},"author":1,"featured_media":1882,"parent":5,"menu_order":9,"comment_status":"closed","ping_status":"closed","template":"template_kamer.php","meta":[],"acf":[],"aioseo_notices":[],"_links":{"self":[{"href":"https:\/\/www.domainelehautverger.nl\/fr\/wp-json\/wp\/v2\/pages\/78"}],"collection":[{"href":"https:\/\/www.domainelehautverger.nl\/fr\/wp-json\/wp\/v2\/pages"}],"about":[{"href":"https:\/\/www.domainelehautverger.nl\/fr\/wp-json\/wp\/v2\/types\/page"}],"author":[{"embeddable":true,"href":"https:\/\/www.domainelehautverger.nl\/fr\/wp-json\/wp\/v2\/users\/1"}],"replies":[{"embeddable":true,"href":"https:\/\/www.domainelehautverger.nl\/fr\/wp-json\/wp\/v2\/comments?post=78"}],"version-history":[{"count":93,"href":"https:\/\/www.domainelehautverger.nl\/fr\/wp-json\/wp\/v2\/pages\/78\/revisions"}],"predecessor-version":[{"id":4158,"href":"https:\/\/www.domainelehautverger.nl\/fr\/wp-json\/wp\/v2\/pages\/78\/revisions\/4158"}],"up":[{"embeddable":true,"href":"https:\/\/www.domainelehautverger.nl\/fr\/wp-json\/wp\/v2\/pages\/5"}],"wp:featuredmedia":[{"embeddable":true,"href":"https:\/\/www.domainelehautverger.nl\/fr\/wp-json\/wp\/v2\/media\/1882"}],"wp:attachment":[{"href":"https:\/\/www.domainelehautverger.nl\/fr\/wp-json\/wp\/v2\/media?parent=78"}],"curies":[{"name":"wp","href":"https:\/\/api.w.org\/{rel}","templated":true}]}}