{"id":76,"date":"2017-06-15T09:41:27","date_gmt":"2017-06-15T07:41:27","guid":{"rendered":"http:\/\/hauteverger\/?page_id=76"},"modified":"2025-03-21T21:47:18","modified_gmt":"2025-03-21T20:47:18","slug":"lcdd","status":"publish","type":"page","link":"https:\/\/www.domainelehautverger.nl\/fr\/kamers\/lcdd\/","title":{"rendered":"La Chambre de Didier"},"content":{"rendered":"<p><\/p>\n<h1>LA CHAMBRE DE DIDIER<\/h1>\n<p>Cette chambre pleine d\u2019ambiance se trouve \u00e0 l&rsquo;avant de la maison et donne sur la maison du jardinier et sur le pr\u00e9 devant, o\u00f9 les moutons aiment brouter. Vous disposez d&rsquo;une douche et de toilettes s\u00e9par\u00e9es, directement accessibles depuis la chambre.<\/p>\n<p>Tout comme La Chambre de Solange, La Chambre de Didier a servi de toile de fond aux enregistrements du film fran\u00e7ais &lsquo;Maestro&rsquo; (2014). Nous avons bien s\u00fbr gard\u00e9 le beau papier peint, ainsi que le coin lavabo authentique !<br \/>\nDans cette chambre aussi, vous dormirez dans un excellent grand lit, qui peut de s\u00e9parer en deux lits jumeaux.<\/p>\n<p>Le petit-d\u00e9jeuner est servi dans la salle \u00e0 manger.<\/p>\n<p>Et vous pourrez vous d\u00e9tendre dans le jardin ou dans le salon confortable de notre maison de campagne.<\/p>\n<p>par nuit\u00a0 \u00a0 \u00a0 \u00a0 \u00a0 \u00a0 \u00a0 \u00a0\u20ac 99,-<\/p>\n<p>par semaine\u00a0 \u00a0 \u00a0 \u00a0 \u20ac 630,-<\/p>\n<p>Si vous souhaitez deux lits simples au lieu d&rsquo;un lits-jumeaux, vous devrez payer un suppl\u00e9ment forfaitaire de 10 euros.<\/p>\n<p><em>les prix sont pour 2 personnes et comprennent le petit-d\u00e9jeuner et la taxe de s\u00e9jour;\u00a0<\/em><em>en cas de location \u00e0 1 personne, le prix par nuit est de \u20ac 95,00 et le prix par semaine est de \u20ac 595,-<\/em><\/p>\n<p><strong>ANIMAUX DOMESTIQUES<\/strong><br \/>\nNous n\u2019autorisons pas les animaux domestiques tels que les chiens et les chats dans nos logements et sur le terrain. Les chevaux, poneys, \u00e2nes et mules sont les bienvenus.<\/p>\n<p><em><strong>NOS CHAMBRES D&rsquo;H\u00d4TES NE SONT PAS LOU\u00c9ES DE FIN-OCTOBRE \u00c0 D\u00c9BUT AVRIL ENVIRON<\/strong><\/em><\/p>","protected":false},"excerpt":{"rendered":"<p>LA CHAMBRE DE DIDIER Cette chambre pleine d\u2019ambiance se trouve \u00e0 l&rsquo;avant de la maison et donne sur la maison du jardinier et sur le pr\u00e9 devant, o\u00f9 les moutons aiment brouter. Vous disposez d&rsquo;une douche et de toilettes s\u00e9par\u00e9es, directement accessibles depuis la chambre. Tout comme La Chambre de Solange, La Chambre de Didier [&hellip;]<\/p>\n","protected":false},"author":1,"featured_media":1956,"parent":5,"menu_order":13,"comment_status":"closed","ping_status":"closed","template":"template_kamer.php","meta":[],"acf":[],"aioseo_notices":[],"_links":{"self":[{"href":"https:\/\/www.domainelehautverger.nl\/fr\/wp-json\/wp\/v2\/pages\/76"}],"collection":[{"href":"https:\/\/www.domainelehautverger.nl\/fr\/wp-json\/wp\/v2\/pages"}],"about":[{"href":"https:\/\/www.domainelehautverger.nl\/fr\/wp-json\/wp\/v2\/types\/page"}],"author":[{"embeddable":true,"href":"https:\/\/www.domainelehautverger.nl\/fr\/wp-json\/wp\/v2\/users\/1"}],"replies":[{"embeddable":true,"href":"https:\/\/www.domainelehautverger.nl\/fr\/wp-json\/wp\/v2\/comments?post=76"}],"version-history":[{"count":54,"href":"https:\/\/www.domainelehautverger.nl\/fr\/wp-json\/wp\/v2\/pages\/76\/revisions"}],"predecessor-version":[{"id":4041,"href":"https:\/\/www.domainelehautverger.nl\/fr\/wp-json\/wp\/v2\/pages\/76\/revisions\/4041"}],"up":[{"embeddable":true,"href":"https:\/\/www.domainelehautverger.nl\/fr\/wp-json\/wp\/v2\/pages\/5"}],"wp:featuredmedia":[{"embeddable":true,"href":"https:\/\/www.domainelehautverger.nl\/fr\/wp-json\/wp\/v2\/media\/1956"}],"wp:attachment":[{"href":"https:\/\/www.domainelehautverger.nl\/fr\/wp-json\/wp\/v2\/media?parent=76"}],"curies":[{"name":"wp","href":"https:\/\/api.w.org\/{rel}","templated":true}]}}