{"id":74,"date":"2017-06-15T09:41:05","date_gmt":"2017-06-15T07:41:05","guid":{"rendered":"http:\/\/hauteverger\/?page_id=74"},"modified":"2025-10-09T12:30:59","modified_gmt":"2025-10-09T10:30:59","slug":"lcdm","status":"publish","type":"page","link":"https:\/\/www.domainelehautverger.nl\/fr\/kamers\/lcdm\/","title":{"rendered":"La Chambre de Martha"},"content":{"rendered":"<p><\/p>\n<h1>LA CHAMBRE DE MARTHA<\/h1>\n<p>Notre plus petite chambre d&rsquo;h\u00f4tes : une charmante chambre d&rsquo;angle romantique \u00e0 l&rsquo;avant de la maison, donnant sur une partie du jardin et sur la maison pittoresque de l&rsquo;ancien jardinier. Vous trouverez un tr\u00e8s beau lit en acajou (1,40 m\u00e8tre) avec un excellent matelas et une table d&rsquo;\u00e9criture sp\u00e9ciale.<br \/>\nSous les poutres en ch\u00eane du beau toit en soupente se trouve une salle de bain semi-ouverte compacte.<\/p>\n<p>Le petit-d\u00e9jeuner est servi dans la salle \u00e0 manger.<\/p>\n<p>Et naturellement vous pouvez vous d\u00e9tendre dans le jardin et dans le grand salon confortable de notre maison de campagne.<\/p>\n<p>par nuit\u00a0 \u00a0 \u00a0 \u00a0 \u00a0 \u00a0 \u00a0 \u00a0\u20ac 87,50<\/p>\n<p>par semaine\u00a0 \u00a0 \u00a0 \u00a0 \u20ac 565,-<\/p>\n<p><em>les prix sont pour 2 personnes et comprennent le petit-d\u00e9jeuner et la taxe de s\u00e9jour; en cas de location \u00e0 1 personne, le prix par nuit est de \u20ac 82,50 et le prix par semaine est de \u20ac 530,-<\/em><\/p>\n<p><strong>ANIMAUX DOMESTIQUES<\/strong><br \/>\nNous n\u2019autorisons pas les animaux domestiques tels que les chiens et les chats dans nos logements et sur le terrain. Les chevaux, poneys, \u00e2nes et mules sont les bienvenus.<\/p>\n<p><strong><em>NOS CHAMBRES D&rsquo;H\u00d4TES NE SONT PAS LOU\u00c9ES DE FIN-OCTOBRE \u00c0 D\u00c9BUT AVRIL ENVIRON<\/em><\/strong><\/p>","protected":false},"excerpt":{"rendered":"<p>LA CHAMBRE DE MARTHA Notre plus petite chambre d&rsquo;h\u00f4tes : une charmante chambre d&rsquo;angle romantique \u00e0 l&rsquo;avant de la maison, donnant sur une partie du jardin et sur la maison pittoresque de l&rsquo;ancien jardinier. Vous trouverez un tr\u00e8s beau lit en acajou (1,40 m\u00e8tre) avec un excellent matelas et une table d&rsquo;\u00e9criture sp\u00e9ciale. Sous les [&hellip;]<\/p>\n","protected":false},"author":1,"featured_media":3072,"parent":5,"menu_order":11,"comment_status":"closed","ping_status":"closed","template":"template_kamer.php","meta":[],"acf":[],"aioseo_notices":[],"_links":{"self":[{"href":"https:\/\/www.domainelehautverger.nl\/fr\/wp-json\/wp\/v2\/pages\/74"}],"collection":[{"href":"https:\/\/www.domainelehautverger.nl\/fr\/wp-json\/wp\/v2\/pages"}],"about":[{"href":"https:\/\/www.domainelehautverger.nl\/fr\/wp-json\/wp\/v2\/types\/page"}],"author":[{"embeddable":true,"href":"https:\/\/www.domainelehautverger.nl\/fr\/wp-json\/wp\/v2\/users\/1"}],"replies":[{"embeddable":true,"href":"https:\/\/www.domainelehautverger.nl\/fr\/wp-json\/wp\/v2\/comments?post=74"}],"version-history":[{"count":65,"href":"https:\/\/www.domainelehautverger.nl\/fr\/wp-json\/wp\/v2\/pages\/74\/revisions"}],"predecessor-version":[{"id":3780,"href":"https:\/\/www.domainelehautverger.nl\/fr\/wp-json\/wp\/v2\/pages\/74\/revisions\/3780"}],"up":[{"embeddable":true,"href":"https:\/\/www.domainelehautverger.nl\/fr\/wp-json\/wp\/v2\/pages\/5"}],"wp:featuredmedia":[{"embeddable":true,"href":"https:\/\/www.domainelehautverger.nl\/fr\/wp-json\/wp\/v2\/media\/3072"}],"wp:attachment":[{"href":"https:\/\/www.domainelehautverger.nl\/fr\/wp-json\/wp\/v2\/media?parent=74"}],"curies":[{"name":"wp","href":"https:\/\/api.w.org\/{rel}","templated":true}]}}