{"id":70,"date":"2017-06-15T09:40:01","date_gmt":"2017-06-15T08:40:01","guid":{"rendered":"http:\/\/hauteverger\/?page_id=70"},"modified":"2019-09-27T14:59:23","modified_gmt":"2019-09-27T12:59:23","slug":"verbouwing","status":"publish","type":"page","link":"https:\/\/www.domainelehautverger.nl\/fr\/over-ons\/verbouwing\/","title":{"rendered":"R\u00e9novation"},"content":{"rendered":"<p><\/p>\n<h1>IL Y AVAIT DU PAIN SUR LA PLANCHE<\/h1>\n<p>Il nous a imm\u00e9diatement sembl\u00e9 que la maison avait besoin de soins et d&rsquo;attention, mais ce n&rsquo;est que graduellement que nous avons d\u00e9couvert ce qu&rsquo;il fallait faire: beaucoup de travail !<\/p>\n<p>Heureusement, Le Haut Verger est une maison incroyablement solide qui a support\u00e9 sans effort les nombreuses ann\u00e9es de n\u00e9gligence et de nonchalance. Par exemple, le ch\u00eane a \u00e9t\u00e9 utilis\u00e9 pour toute la menuiserie, des planchers jusqu&rsquo;\u00e0 la charpente impressionnante du toit.<\/p>\n<p>Parmi les nombreux cadres que la maison compte, un seul \u00e9tait pourri. Il y avait cependant, dans toutes les fen\u00eatres et les portes &#8211; et il y en a tellement &#8211; des verres si fins qu&rsquo;il fallait faire quelque chose imm\u00e9diatement. Entre-temps nous avons fourni une grande partie des fen\u00eatres et des portes dans la maison avec le verre isolant. Bien s\u00fbr, tout en conservant ces fen\u00eatres et portes en ch\u00eane.<\/p>\n<p>Nous avons \u00e9galement consacr\u00e9 beaucoup d&rsquo;attention \u00e0 l&rsquo;isolation de la maison afin d&rsquo;augmenter le confort et de r\u00e9duire les co\u00fbts de chauffage. Les sanitaires, les r\u00e9seaux de branchement et d&rsquo;assainissement et l&rsquo;installation \u00e9lectrique ont \u00e9t\u00e9 en partie rejet\u00e9s et nous les avons adapt\u00e9s aux exigences du temps. Et dans toute la maison il y a de la peinture en souffrance. Nous pouvons donc conclure \u00e0 juste titre: il y avait du pain sur la planche !<\/p>","protected":false},"excerpt":{"rendered":"<p>IL Y AVAIT DU PAIN SUR LA PLANCHE Il nous a imm\u00e9diatement sembl\u00e9 que la maison avait besoin de soins et d&rsquo;attention, mais ce n&rsquo;est que graduellement que nous avons d\u00e9couvert ce qu&rsquo;il fallait faire: beaucoup de travail ! Heureusement, Le Haut Verger est une maison incroyablement solide qui a support\u00e9 sans effort les nombreuses [&hellip;]<\/p>\n","protected":false},"author":1,"featured_media":2182,"parent":2,"menu_order":5,"comment_status":"closed","ping_status":"closed","template":"template_kamer.php","meta":[],"acf":[],"aioseo_notices":[],"_links":{"self":[{"href":"https:\/\/www.domainelehautverger.nl\/fr\/wp-json\/wp\/v2\/pages\/70"}],"collection":[{"href":"https:\/\/www.domainelehautverger.nl\/fr\/wp-json\/wp\/v2\/pages"}],"about":[{"href":"https:\/\/www.domainelehautverger.nl\/fr\/wp-json\/wp\/v2\/types\/page"}],"author":[{"embeddable":true,"href":"https:\/\/www.domainelehautverger.nl\/fr\/wp-json\/wp\/v2\/users\/1"}],"replies":[{"embeddable":true,"href":"https:\/\/www.domainelehautverger.nl\/fr\/wp-json\/wp\/v2\/comments?post=70"}],"version-history":[{"count":20,"href":"https:\/\/www.domainelehautverger.nl\/fr\/wp-json\/wp\/v2\/pages\/70\/revisions"}],"predecessor-version":[{"id":3176,"href":"https:\/\/www.domainelehautverger.nl\/fr\/wp-json\/wp\/v2\/pages\/70\/revisions\/3176"}],"up":[{"embeddable":true,"href":"https:\/\/www.domainelehautverger.nl\/fr\/wp-json\/wp\/v2\/pages\/2"}],"wp:featuredmedia":[{"embeddable":true,"href":"https:\/\/www.domainelehautverger.nl\/fr\/wp-json\/wp\/v2\/media\/2182"}],"wp:attachment":[{"href":"https:\/\/www.domainelehautverger.nl\/fr\/wp-json\/wp\/v2\/media?parent=70"}],"curies":[{"name":"wp","href":"https:\/\/api.w.org\/{rel}","templated":true}]}}