{"id":68,"date":"2017-06-15T09:39:45","date_gmt":"2017-06-15T08:39:45","guid":{"rendered":"http:\/\/hauteverger\/?page_id=68"},"modified":"2025-03-09T18:55:07","modified_gmt":"2025-03-09T17:55:07","slug":"geschiedenis","status":"publish","type":"page","link":"https:\/\/www.domainelehautverger.nl\/fr\/over-ons\/geschiedenis\/","title":{"rendered":"Histoire"},"content":{"rendered":"<p><\/p>\n<h1>DOMAINE LE HAUT VERGER, BREF HISTORIQUE<\/h1>\n<p>Quand nous avons emm\u00e9nag\u00e9, nous avons trouv\u00e9 une petite archive qui donne une id\u00e9e de l&rsquo;origine du Haut Verger.<\/p>\n<p>Le Haut Verger est un lieu-dit, un hameau appartenant \u00e0 la commune de Gargilesse-Dampierre. Vraisemblablement, il y a eu d&rsquo;autres maisons avant la construction du Haut Verger.<\/p>\n<p>A partir de 1919, des parcelles furent achet\u00e9es ici par Monsieur Lef\u00e8vre, un ing\u00e9nieur de Paris, qui voulait construire une villa \u00e0 cet endroit, o\u00f9 vous avez une vue fantastique sur la vall\u00e9e de la Creuse.<\/p>\n<p>Le design de la maison principale avec la maison du jardinier est de Louis-Hippolyte <a href=\"https:\/\/expositions-virtuelles.citedelarchitecture.fr\/portraits_architectes\/boilo.php\">Boileau<\/a>, architecte parisien. La maison a \u00e9t\u00e9 con\u00e7ue dans le style traditionnel du Berry avec &#8211; en particulier pour l&rsquo;\u00e9poque &#8211; des aspects modernes et monumentaux. Cela nous rappelle le travail de <a href=\"https:\/\/lartnouveau.com\/artistes\/autres_pays\/berlage.htm\">Berlage<\/a> (1856-1934), un architecte n\u00e9erlandais renomm\u00e9.<\/p>\n<p>En 1924, <a href=\"https:\/\/www.francebleu.fr\/infos\/economie-social\/chateauroux-rend-hommage-aux-createurs-de-la-pastille-pulmoll-1518534765\">M. H\u00e9lin<\/a>, pharmacien de Ch\u00e2teauroux, devient propri\u00e9taire du Haut Verger. Il apporte un certain nombre d&rsquo;am\u00e9liorations, et dans les archives de la maison il y a toutes sortes de dessins pour les plans de d\u00e9coration, dont un certain nombre ont \u00e9t\u00e9 r\u00e9alis\u00e9s. Un de ses coll\u00e8gues, Jacques Lafarge, non seulement \u00e9pouse la fille d&rsquo;H\u00e9lin, mais dirige aussi le laboratoire apr\u00e8s sa mort et devient propri\u00e9taire du Haut Verger avec sa femme. La famille Lafarge a longtemps utilis\u00e9 la maison comme maison de vacances et aussi comme r\u00e9sidence permanente. Surtout les descendants de monsieur et madame Lafarge-H\u00e9lin \u00e9taient des habitants color\u00e9s et c\u00e9l\u00e8bres de Gargilesse.<\/p>\n<p>Au tournant du si\u00e8cle, la maison fut vendue par les derniers h\u00e9ritiers Lafarge \u00e0 M. et Mme de Bueger, peintre hollandais et sa femme, traductrice professionnelle. Ils ont commenc\u00e9 une chambre d&rsquo;h\u00f4tes \u00e0 c\u00f4t\u00e9 de leur travail quotidien.<\/p>\n<p>Apr\u00e8s avoir laiss\u00e9 la maison en location durant quatre ans, pour des raisons de sant\u00e9, ils se sont r\u00e9sign\u00e9s \u00e0 la vendre en 2015.<\/p>\n<p>Et nous avons eu le privil\u00e8ge de devenir les propri\u00e9taires de ce beau domaine de caract\u00e8re.<\/p>","protected":false},"excerpt":{"rendered":"<p>DOMAINE LE HAUT VERGER, BREF HISTORIQUE Quand nous avons emm\u00e9nag\u00e9, nous avons trouv\u00e9 une petite archive qui donne une id\u00e9e de l&rsquo;origine du Haut Verger. Le Haut Verger est un lieu-dit, un hameau appartenant \u00e0 la commune de Gargilesse-Dampierre. Vraisemblablement, il y a eu d&rsquo;autres maisons avant la construction du Haut Verger. A partir de [&hellip;]<\/p>\n","protected":false},"author":1,"featured_media":2245,"parent":2,"menu_order":3,"comment_status":"closed","ping_status":"closed","template":"template_kamer.php","meta":[],"acf":[],"aioseo_notices":[],"_links":{"self":[{"href":"https:\/\/www.domainelehautverger.nl\/fr\/wp-json\/wp\/v2\/pages\/68"}],"collection":[{"href":"https:\/\/www.domainelehautverger.nl\/fr\/wp-json\/wp\/v2\/pages"}],"about":[{"href":"https:\/\/www.domainelehautverger.nl\/fr\/wp-json\/wp\/v2\/types\/page"}],"author":[{"embeddable":true,"href":"https:\/\/www.domainelehautverger.nl\/fr\/wp-json\/wp\/v2\/users\/1"}],"replies":[{"embeddable":true,"href":"https:\/\/www.domainelehautverger.nl\/fr\/wp-json\/wp\/v2\/comments?post=68"}],"version-history":[{"count":22,"href":"https:\/\/www.domainelehautverger.nl\/fr\/wp-json\/wp\/v2\/pages\/68\/revisions"}],"predecessor-version":[{"id":4002,"href":"https:\/\/www.domainelehautverger.nl\/fr\/wp-json\/wp\/v2\/pages\/68\/revisions\/4002"}],"up":[{"embeddable":true,"href":"https:\/\/www.domainelehautverger.nl\/fr\/wp-json\/wp\/v2\/pages\/2"}],"wp:featuredmedia":[{"embeddable":true,"href":"https:\/\/www.domainelehautverger.nl\/fr\/wp-json\/wp\/v2\/media\/2245"}],"wp:attachment":[{"href":"https:\/\/www.domainelehautverger.nl\/fr\/wp-json\/wp\/v2\/media?parent=68"}],"curies":[{"name":"wp","href":"https:\/\/api.w.org\/{rel}","templated":true}]}}