{"id":64,"date":"2017-06-15T09:39:01","date_gmt":"2017-06-15T08:39:01","guid":{"rendered":"http:\/\/hauteverger\/?page_id=64"},"modified":"2025-02-27T22:40:56","modified_gmt":"2025-02-27T21:40:56","slug":"ester-jos","status":"publish","type":"page","link":"https:\/\/www.domainelehautverger.nl\/fr\/over-ons\/ester-jos\/","title":{"rendered":"Ester &#038; Jos"},"content":{"rendered":"<p><\/p>\n<h1>QUI SOMMES-NOUS\u00a0?<\/h1>\n<p>Ester van Buuren et Jos van Velsen partagent depuis de nombreuses ann\u00e9es leur vie , et depuis fin 2015 le Domaine Le Haut Verger en fait partie.<\/p>\n<p><img decoding=\"async\" loading=\"lazy\" class=\"alignnone size-medium wp-image-3956\" src=\"https:\/\/www.domainelehautverger.nl\/wp-content\/uploads\/2025\/02\/IMG_1725-614x461.jpg\" alt=\"\" width=\"614\" height=\"461\" srcset=\"https:\/\/www.domainelehautverger.nl\/wp-content\/uploads\/2025\/02\/IMG_1725-614x461.jpg 614w, https:\/\/www.domainelehautverger.nl\/wp-content\/uploads\/2025\/02\/IMG_1725-rotated.jpg 640w\" sizes=\"(max-width: 614px) 100vw, 614px\" \/><\/p>\n<p>Ester, hispaniste d\u2019origine, traductrice et r\u00e9dactrice, a \u00e9galement, pendant pr\u00e8s de dix ans, tenu une \u00e9picerie fine de qualit\u00e9 et travaill\u00e9 comme traiteur. Elle aime la musique, le chant, l\u2019art, la litt\u00e9rature et les gens. Elle est appliqu\u00e9e et consciencieuse. Dans le jardin, elle se sent \u00e9galement dans son \u00e9l\u00e9ment.<\/p>\n<p>Jos a commenc\u00e9 \u00e0 cuisiner \u00e0 l\u2019\u00e2ge de huit ans, mais a tout de m\u00eame suivi une formation de chef-cuisinier et il a longtemps travaill\u00e9 dans de bons restaurants aux Pays-Bas, en Suisse et en France. Il a lui-m\u00eame poss\u00e9d\u00e9 un petit restaurant. Il s\u2019est reconverti dans la r\u00e9novation, la restauration et l\u2019entretien d\u2019immeubles. G\u00e9n\u00e9tiquement il se sent paysan et c\u2019est avec grand plaisir qu\u2019il s\u2019occupe du potager et des moutons au Haut-Verger.<\/p>\n<p>En unissant nos qualit\u00e9s avec notre hospitalit\u00e9, nous ferons de votre s\u00e9jour au Domaine Le Haut Verger plus que des vacances, nous en ferons une partie de plaisir.<\/p>","protected":false},"excerpt":{"rendered":"<p>QUI SOMMES-NOUS\u00a0? Ester van Buuren et Jos van Velsen partagent depuis de nombreuses ann\u00e9es leur vie , et depuis fin 2015 le Domaine Le Haut Verger en fait partie. Ester, hispaniste d\u2019origine, traductrice et r\u00e9dactrice, a \u00e9galement, pendant pr\u00e8s de dix ans, tenu une \u00e9picerie fine de qualit\u00e9 et travaill\u00e9 comme traiteur. Elle aime la [&hellip;]<\/p>\n","protected":false},"author":1,"featured_media":1930,"parent":2,"menu_order":4,"comment_status":"closed","ping_status":"closed","template":"","meta":[],"acf":[],"aioseo_notices":[],"_links":{"self":[{"href":"https:\/\/www.domainelehautverger.nl\/fr\/wp-json\/wp\/v2\/pages\/64"}],"collection":[{"href":"https:\/\/www.domainelehautverger.nl\/fr\/wp-json\/wp\/v2\/pages"}],"about":[{"href":"https:\/\/www.domainelehautverger.nl\/fr\/wp-json\/wp\/v2\/types\/page"}],"author":[{"embeddable":true,"href":"https:\/\/www.domainelehautverger.nl\/fr\/wp-json\/wp\/v2\/users\/1"}],"replies":[{"embeddable":true,"href":"https:\/\/www.domainelehautverger.nl\/fr\/wp-json\/wp\/v2\/comments?post=64"}],"version-history":[{"count":26,"href":"https:\/\/www.domainelehautverger.nl\/fr\/wp-json\/wp\/v2\/pages\/64\/revisions"}],"predecessor-version":[{"id":3966,"href":"https:\/\/www.domainelehautverger.nl\/fr\/wp-json\/wp\/v2\/pages\/64\/revisions\/3966"}],"up":[{"embeddable":true,"href":"https:\/\/www.domainelehautverger.nl\/fr\/wp-json\/wp\/v2\/pages\/2"}],"wp:featuredmedia":[{"embeddable":true,"href":"https:\/\/www.domainelehautverger.nl\/fr\/wp-json\/wp\/v2\/media\/1930"}],"wp:attachment":[{"href":"https:\/\/www.domainelehautverger.nl\/fr\/wp-json\/wp\/v2\/media?parent=64"}],"curies":[{"name":"wp","href":"https:\/\/api.w.org\/{rel}","templated":true}]}}