{"id":54,"date":"2017-06-12T14:03:49","date_gmt":"2017-06-12T12:03:49","guid":{"rendered":"http:\/\/hauteverger\/?page_id=54"},"modified":"2025-03-20T22:04:26","modified_gmt":"2025-03-20T21:04:26","slug":"lcdjy","status":"publish","type":"page","link":"https:\/\/www.domainelehautverger.nl\/fr\/kamers\/lcdjy\/","title":{"rendered":"La Chambre de Jean-Yves"},"content":{"rendered":"<p><\/p>\n<h1>LA CHAMBRE DE JEAN-YVES<\/h1>\n<p>Cette chambre d&rsquo;angle spacieuse et confortable \u00e0 l&rsquo;arri\u00e8re de la maison offre une belle vue sur les champs avoisinants. Ici, vous pouvez entendre le murmure de la cascade du moulin de Gargilesse.<br \/>\nLa chambre dispose d&rsquo;un excellent lit double o\u00f9 vous passerez une nuit de sommeil saine et relaxante. Un petit bureau et une bonne connexion internet vous permettent de travailler tranquillement ou de tenir votre journal de vacances.<br \/>\nLa chambre dispose d&rsquo;une belle salle de bain semi-ouverte.<\/p>\n<p>Vous pouvez prendre le petit-d\u00e9jeuner dans la salle \u00e0 manger.<\/p>\n<p>Et bien s\u00fbr, vous pouvez vous asseoir dans notre\u00a0 jardin ou dans le salon confortable de notre maison de campagne.<\/p>\n<p>par nuit\u00a0 \u00a0 \u00a0 \u00a0 \u00a0 \u00a0 \u00a0 \u20ac 99,-<\/p>\n<p>par semaine\u00a0 \u00a0 \u00a0 \u00a0\u20ac 630,-<\/p>\n<p><em>les prix sont pour 2 personnes et comprennent le petit-d\u00e9jeuner et la taxe de s\u00e9jour; en cas de location \u00e0 1 personne, le prix par nuit est de \u20ac 95,00 et le prix par semaine est de \u20ac 595,-<\/em><em>\u00a0\u00a0<\/em><\/p>\n<p><strong>ANIMAUX DOMESTIQUES<\/strong><br \/>\nNous n\u2019autorisons pas les animaux domestiques tels que les chiens et les chats dans nos logements et sur le terrain. Les chevaux, poneys, \u00e2nes et mules sont les bienvenus.<\/p>\n<p><strong><em>NOS CHAMBRES D&rsquo;H\u00d4TES NE SONT PAS LOU\u00c9ES DE FIN-OCTOBRE \u00c0 D\u00c9BUT AVRIL ENVIRON<\/em><\/strong><\/p>","protected":false},"excerpt":{"rendered":"<p>LA CHAMBRE DE JEAN-YVES Cette chambre d&rsquo;angle spacieuse et confortable \u00e0 l&rsquo;arri\u00e8re de la maison offre une belle vue sur les champs avoisinants. Ici, vous pouvez entendre le murmure de la cascade du moulin de Gargilesse. La chambre dispose d&rsquo;un excellent lit double o\u00f9 vous passerez une nuit de sommeil saine et relaxante. Un petit [&hellip;]<\/p>\n","protected":false},"author":1,"featured_media":2952,"parent":5,"menu_order":10,"comment_status":"closed","ping_status":"closed","template":"template_kamer.php","meta":[],"acf":[],"aioseo_notices":[],"_links":{"self":[{"href":"https:\/\/www.domainelehautverger.nl\/fr\/wp-json\/wp\/v2\/pages\/54"}],"collection":[{"href":"https:\/\/www.domainelehautverger.nl\/fr\/wp-json\/wp\/v2\/pages"}],"about":[{"href":"https:\/\/www.domainelehautverger.nl\/fr\/wp-json\/wp\/v2\/types\/page"}],"author":[{"embeddable":true,"href":"https:\/\/www.domainelehautverger.nl\/fr\/wp-json\/wp\/v2\/users\/1"}],"replies":[{"embeddable":true,"href":"https:\/\/www.domainelehautverger.nl\/fr\/wp-json\/wp\/v2\/comments?post=54"}],"version-history":[{"count":53,"href":"https:\/\/www.domainelehautverger.nl\/fr\/wp-json\/wp\/v2\/pages\/54\/revisions"}],"predecessor-version":[{"id":4021,"href":"https:\/\/www.domainelehautverger.nl\/fr\/wp-json\/wp\/v2\/pages\/54\/revisions\/4021"}],"up":[{"embeddable":true,"href":"https:\/\/www.domainelehautverger.nl\/fr\/wp-json\/wp\/v2\/pages\/5"}],"wp:featuredmedia":[{"embeddable":true,"href":"https:\/\/www.domainelehautverger.nl\/fr\/wp-json\/wp\/v2\/media\/2952"}],"wp:attachment":[{"href":"https:\/\/www.domainelehautverger.nl\/fr\/wp-json\/wp\/v2\/media?parent=54"}],"curies":[{"name":"wp","href":"https:\/\/api.w.org\/{rel}","templated":true}]}}