{"id":52,"date":"2017-06-12T14:00:11","date_gmt":"2017-06-12T12:00:11","guid":{"rendered":"http:\/\/hauteverger\/?page_id=52"},"modified":"2025-10-09T12:39:44","modified_gmt":"2025-10-09T10:39:44","slug":"lcds","status":"publish","type":"page","link":"https:\/\/www.domainelehautverger.nl\/fr\/kamers\/lcds\/","title":{"rendered":"La Chambre de Solange"},"content":{"rendered":"<p><\/p>\n<h1>LA CHAMBRE DE SOLANGE<\/h1>\n<p>C\u2019\u00e9tait, autrefois, la chambre de ma\u00eetres du Domaine Le Haut Verger. Maintenant, notre \u2018suite\u2019, votre chambre. Elle est grande, lumineuse, et jouit d\u2019une vue impressionnante. Vous surplombez la vall\u00e9e, le barrage et les pentes bois\u00e9es de la Creuse. Un spectacle toujours changeant, plein de courbes et de recoins.<br \/>\nLa chambre est confortable, meubl\u00e9e avec go\u00fbt et avec un lits jumeaux de 160 cm.<\/p>\n<p>La salle de bains, au luxe surprenant, est adjacente : douche, baignoire, toilettes et lavabo.<\/p>\n<p>Le matin, un copieux petit-d\u00e9jeuner est servi dans la salle \u00e0 manger.<br \/>\nEt bien s\u00fbr, vous \u00eates les bienvenus dans le grand salon confortable et le jardin de Domaine Le Haut Verger.<\/p>\n<p>par nuit\u00a0 \u00a0 \u00a0 \u00a0 \u00a0 \u00a0 \u00a0 \u00a0\u20ac 135,-<\/p>\n<p>par semaine\u00a0 \u00a0 \u00a0 \u00a0\u20ac 880,-<\/p>\n<p><em>les prix sont pour 2 personnes et comprennent le petit-d\u00e9jeuner et la taxe de s\u00e9jour;\u00a0<\/em><em>en cas de location \u00e0 1 personne, le prix par nuit est de \u20ac 127,50 et le prix par semaine est de \u20ac 825,-<\/em><\/p>\n<p><em>Dans des cas exceptionnels, un troisi\u00e8me lit peut \u00eatre install\u00e9 \u00e0 la chambre pour 55 euros par nuit\/ 355 euros par semaine.<\/em><\/p>\n<p><strong>ANIMAUX DOMESTIQUES<\/strong><br \/>\nNous n\u2019autorisons pas les animaux domestiques tels que les chiens et les chats dans nos logements et sur le terrain. Les chevaux, poneys, \u00e2nes et mules sont les bienvenus.<\/p>\n<p><strong><em>NOS CHAMBRES D&rsquo;H\u00d4TES NE SONT PAS LOU\u00c9ES DE FIN-OCTOBRE \u00c0 D\u00c9BUT AVRIL ENVIRON<\/em><\/strong><\/p>\n<p>&nbsp;<\/p>","protected":false},"excerpt":{"rendered":"<p>LA CHAMBRE DE SOLANGE C\u2019\u00e9tait, autrefois, la chambre de ma\u00eetres du Domaine Le Haut Verger. Maintenant, notre \u2018suite\u2019, votre chambre. Elle est grande, lumineuse, et jouit d\u2019une vue impressionnante. Vous surplombez la vall\u00e9e, le barrage et les pentes bois\u00e9es de la Creuse. Un spectacle toujours changeant, plein de courbes et de recoins. La chambre est [&hellip;]<\/p>\n","protected":false},"author":1,"featured_media":1951,"parent":5,"menu_order":12,"comment_status":"closed","ping_status":"closed","template":"template_kamer.php","meta":[],"acf":[],"aioseo_notices":[],"_links":{"self":[{"href":"https:\/\/www.domainelehautverger.nl\/fr\/wp-json\/wp\/v2\/pages\/52"}],"collection":[{"href":"https:\/\/www.domainelehautverger.nl\/fr\/wp-json\/wp\/v2\/pages"}],"about":[{"href":"https:\/\/www.domainelehautverger.nl\/fr\/wp-json\/wp\/v2\/types\/page"}],"author":[{"embeddable":true,"href":"https:\/\/www.domainelehautverger.nl\/fr\/wp-json\/wp\/v2\/users\/1"}],"replies":[{"embeddable":true,"href":"https:\/\/www.domainelehautverger.nl\/fr\/wp-json\/wp\/v2\/comments?post=52"}],"version-history":[{"count":75,"href":"https:\/\/www.domainelehautverger.nl\/fr\/wp-json\/wp\/v2\/pages\/52\/revisions"}],"predecessor-version":[{"id":4186,"href":"https:\/\/www.domainelehautverger.nl\/fr\/wp-json\/wp\/v2\/pages\/52\/revisions\/4186"}],"up":[{"embeddable":true,"href":"https:\/\/www.domainelehautverger.nl\/fr\/wp-json\/wp\/v2\/pages\/5"}],"wp:featuredmedia":[{"embeddable":true,"href":"https:\/\/www.domainelehautverger.nl\/fr\/wp-json\/wp\/v2\/media\/1951"}],"wp:attachment":[{"href":"https:\/\/www.domainelehautverger.nl\/fr\/wp-json\/wp\/v2\/media?parent=52"}],"curies":[{"name":"wp","href":"https:\/\/api.w.org\/{rel}","templated":true}]}}