{"id":5,"date":"2016-10-12T20:25:07","date_gmt":"2016-10-12T19:25:07","guid":{"rendered":"http:\/\/hauteverger\/gen-rooms\/"},"modified":"2026-01-15T19:22:28","modified_gmt":"2026-01-15T18:22:28","slug":"kamers","status":"publish","type":"page","link":"https:\/\/www.domainelehautverger.nl\/fr\/kamers\/","title":{"rendered":"H\u00e9berger"},"content":{"rendered":"<p><\/p>\n<h1>CHAMBRES D&rsquo;H\u00d4TES &amp; G\u00ceTES<\/h1>\n<p>H\u00e9berger dans une belle villa familiale fran\u00e7aise classique des ann\u00e9es vingt du si\u00e8cle dernier ou dans son ancienne maison de jardinier. \u00c0 distance de marche du village idyllique de Gargilesse. Qui ne voudrait pas \u00e7a ? Naturellement les logements sont adapt\u00e9s aux exigences de notre temps: lits confortables, bonnes salles de bain, internet. Et l&rsquo;ensemble est situ\u00e9 sur les pentes pittoresques de l&rsquo;un des plus beaux sites de la vall\u00e9e de la Creuse.<\/p>\n<p>Il y a quatre chambres d&rsquo;h\u00f4tes dans le manoir, chacune avec sa propre salle de bains, et deux g\u00eetes ind\u00e9pendants et tr\u00e8s confortables dans la maison du jardinier. Dans la grande maison se trouve un vaste salon \u00e9l\u00e9gant, avec une vue imprenable sur la rivi\u00e8re Creuse. Vous pourrez d\u00e9guster le petit d\u00e9jeuner dans la salle \u00e0 manger, qui offre \u00e9galement une vue magnifique.<\/p>\n<p>Nous voulons assurer \u00e0 nos h\u00f4tes une atmosph\u00e8re paisible. C&rsquo;est pourquoi notre h\u00e9bergement se concentre sur les h\u00f4tes sans enfants.<\/p>\n<h3>ANIMAUX DOMESTIQUES<\/h3>\n<p>Nous n&rsquo;autorisons pas les animaux domestiques tels que les chiens et les chats dans nos logements et sur le terrain. Les chevaux, poneys, \u00e2nes et mules sont les bienvenus.<\/p>\n<div id=\"malwarebytes-root\"><\/div>\n<p><\/p>","protected":false},"excerpt":{"rendered":"<p>CHAMBRES D&rsquo;H\u00d4TES &amp; G\u00ceTES H\u00e9berger dans une belle villa familiale fran\u00e7aise classique des ann\u00e9es vingt du si\u00e8cle dernier ou dans son ancienne maison de jardinier. \u00c0 distance de marche du village idyllique de Gargilesse. Qui ne voudrait pas \u00e7a ? Naturellement les logements sont adapt\u00e9s aux exigences de notre temps: lits confortables, bonnes salles de [&hellip;]<\/p>\n","protected":false},"author":1,"featured_media":2883,"parent":0,"menu_order":7,"comment_status":"closed","ping_status":"closed","template":"template_kamers.php","meta":[],"acf":[],"aioseo_notices":[],"_links":{"self":[{"href":"https:\/\/www.domainelehautverger.nl\/fr\/wp-json\/wp\/v2\/pages\/5"}],"collection":[{"href":"https:\/\/www.domainelehautverger.nl\/fr\/wp-json\/wp\/v2\/pages"}],"about":[{"href":"https:\/\/www.domainelehautverger.nl\/fr\/wp-json\/wp\/v2\/types\/page"}],"author":[{"embeddable":true,"href":"https:\/\/www.domainelehautverger.nl\/fr\/wp-json\/wp\/v2\/users\/1"}],"replies":[{"embeddable":true,"href":"https:\/\/www.domainelehautverger.nl\/fr\/wp-json\/wp\/v2\/comments?post=5"}],"version-history":[{"count":64,"href":"https:\/\/www.domainelehautverger.nl\/fr\/wp-json\/wp\/v2\/pages\/5\/revisions"}],"predecessor-version":[{"id":4202,"href":"https:\/\/www.domainelehautverger.nl\/fr\/wp-json\/wp\/v2\/pages\/5\/revisions\/4202"}],"wp:featuredmedia":[{"embeddable":true,"href":"https:\/\/www.domainelehautverger.nl\/fr\/wp-json\/wp\/v2\/media\/2883"}],"wp:attachment":[{"href":"https:\/\/www.domainelehautverger.nl\/fr\/wp-json\/wp\/v2\/media?parent=5"}],"curies":[{"name":"wp","href":"https:\/\/api.w.org\/{rel}","templated":true}]}}