{"id":3639,"date":"2023-02-14T14:22:18","date_gmt":"2023-02-14T13:22:18","guid":{"rendered":"https:\/\/www.domainelehautverger.nl\/?page_id=3639"},"modified":"2024-01-17T21:14:30","modified_gmt":"2024-01-17T20:14:30","slug":"cadeaubon","status":"publish","type":"page","link":"https:\/\/www.domainelehautverger.nl\/fr\/workshops\/cadeaubon\/","title":{"rendered":"Ch\u00e8que-cadeau"},"content":{"rendered":"<p><\/p>\n<h1>FAIRE UNE SURPRISE<\/h1>\n<p>Une h\u00f4te fran\u00e7aise s&rsquo;est tellement plu chez nous qu&rsquo;elle a voulu surprendre ses parents en leur offrant une nuit dans notre <a href=\"https:\/\/www.domainelehautverger.nl\/fr\/\">Domaine<\/a>. Elle a demand\u00e9 une \u00ab\u00a0carte cadeau\u00a0\u00bb. Nous n&rsquo;en avions pas, mais nous \u00e9tions bien s\u00fbr heureux d&rsquo;en faire une pour ses parents. Et dans le processus, nous avons pens\u00e9 : pourquoi ne pas faire un ch\u00e8que-cadeau g\u00e9n\u00e9ral ? Peut-\u00eatre que plus de personnes aimeraient offrir \u00e0 quelqu&rsquo;un un s\u00e9jour chez nous. Pour <a href=\"https:\/\/www.domainelehautverger.nl\/fr\/omgeving\/wandelparadijs\/\">se promener<\/a>, visiter les villes et les villages, lire, se faire chouchouter, profiter de toute la <a href=\"https:\/\/www.domainelehautverger.nl\/fr\/omgeving\/cultuur\/\">culture<\/a> que le Berry a \u00e0 offrir, ou \u00e0 l&rsquo;occasion d&rsquo;une exposition sp\u00e9ciale ou de l&rsquo;un des nombreux <a href=\"https:\/\/www.domainelehautverger.nl\/fr\/omgeving\/activiteiten\/\">festivals de musique<\/a> ici.<\/p>\n<p>Il y a des occasions o\u00f9 vous souhaitez offrir aux gens quelque chose de sp\u00e9cial. Pour les remercier de leur aide et de leur soutien lors de soins informels, d&rsquo;un d\u00e9m\u00e9nagement ou d&rsquo;une maladie, par exemple. Ou en l&rsquo;honneur d&rsquo;un \u00e9v\u00e9nement festif comme un mariage, un anniversaire ou une f\u00eate. Et lorsque votre compagne prendra sa retraite, vous trouverez peut-\u00eatre que de courtes vacances sont un bon point de d\u00e9part. Ou bien vous souhaitez offrir quelque chose sans raison particuli\u00e8re, mais parce que vous tenez beaucoup \u00e0 quelqu&rsquo;un. Et peut-\u00eatre que vous voulez en faire un s\u00e9jour commun.<\/p>\n<p>Quelle que soit la raison ou l&rsquo;intention, vous pouvez tout faire avec notre ch\u00e8que-cadeau. Une nuit ou quelques jours dans l&rsquo;une de nos <a href=\"https:\/\/www.domainelehautverger.nl\/fr\/kamers\/\">chambres d&rsquo;h\u00f4tes.<\/a> Louer toutes les chambres d&rsquo;h\u00f4tes pour des r\u00e9unions entre amis. Ou offrez \u00e0 quelqu&rsquo;un un s\u00e9jour relaxant dans nos <a href=\"https:\/\/www.domainelehautverger.nl\/fr\/kamers\/la-remise\/\">g\u00eetes<\/a> confortables. La ou les dates peuvent bien s\u00fbr \u00eatre d\u00e9cid\u00e9es par le destinataire.<\/p>\n<p>Avez-vous quelqu&rsquo;un \u00e0 qui vous voulez faire une surprise ? Faites-nous part de vos souhaits et nous vous fournirons un ch\u00e8que-cadeau adapt\u00e9.<\/p>","protected":false},"excerpt":{"rendered":"<p>FAIRE UNE SURPRISE Une h\u00f4te fran\u00e7aise s&rsquo;est tellement plu chez nous qu&rsquo;elle a voulu surprendre ses parents en leur offrant une nuit dans notre Domaine. Elle a demand\u00e9 une \u00ab\u00a0carte cadeau\u00a0\u00bb. Nous n&rsquo;en avions pas, mais nous \u00e9tions bien s\u00fbr heureux d&rsquo;en faire une pour ses parents. Et dans le processus, nous avons pens\u00e9 : [&hellip;]<\/p>\n","protected":false},"author":7,"featured_media":3660,"parent":2381,"menu_order":29,"comment_status":"closed","ping_status":"closed","template":"template_kamer.php","meta":[],"acf":[],"aioseo_notices":[],"_links":{"self":[{"href":"https:\/\/www.domainelehautverger.nl\/fr\/wp-json\/wp\/v2\/pages\/3639"}],"collection":[{"href":"https:\/\/www.domainelehautverger.nl\/fr\/wp-json\/wp\/v2\/pages"}],"about":[{"href":"https:\/\/www.domainelehautverger.nl\/fr\/wp-json\/wp\/v2\/types\/page"}],"author":[{"embeddable":true,"href":"https:\/\/www.domainelehautverger.nl\/fr\/wp-json\/wp\/v2\/users\/7"}],"replies":[{"embeddable":true,"href":"https:\/\/www.domainelehautverger.nl\/fr\/wp-json\/wp\/v2\/comments?post=3639"}],"version-history":[{"count":36,"href":"https:\/\/www.domainelehautverger.nl\/fr\/wp-json\/wp\/v2\/pages\/3639\/revisions"}],"predecessor-version":[{"id":3825,"href":"https:\/\/www.domainelehautverger.nl\/fr\/wp-json\/wp\/v2\/pages\/3639\/revisions\/3825"}],"up":[{"embeddable":true,"href":"https:\/\/www.domainelehautverger.nl\/fr\/wp-json\/wp\/v2\/pages\/2381"}],"wp:featuredmedia":[{"embeddable":true,"href":"https:\/\/www.domainelehautverger.nl\/fr\/wp-json\/wp\/v2\/media\/3660"}],"wp:attachment":[{"href":"https:\/\/www.domainelehautverger.nl\/fr\/wp-json\/wp\/v2\/media?parent=3639"}],"curies":[{"name":"wp","href":"https:\/\/api.w.org\/{rel}","templated":true}]}}