{"id":35,"date":"2018-01-30T10:13:56","date_gmt":"2018-01-30T09:13:56","guid":{"rendered":"http:\/\/hauteverger\/?page_id=35"},"modified":"2024-01-12T15:55:14","modified_gmt":"2024-01-12T14:55:14","slug":"contact","status":"publish","type":"page","link":"https:\/\/www.domainelehautverger.nl\/fr\/contact\/","title":{"rendered":"Info pratique"},"content":{"rendered":"<p><\/p>\n<h1>COMMENT NOUS CONTACTER<\/h1>\n<p>Pour toutes les questions et d&rsquo;autres informations, nous sommes disponibles par t\u00e9l\u00e9phone et m\u00e8l.<\/p>\n<p>&nbsp;<\/p>\n<p><strong>T\u00e9l\u00e9phone<\/strong><\/p>\n<p>00 33 (0)6 42 88 19 73<\/p>\n<p>ou<\/p>\n<p>00 33 (0)6 42 88 20 41<\/p>\n<p>&nbsp;<\/p>\n<p><strong>M\u00e8l<\/strong><\/p>\n<p>domainelehautverger@gmail.com<\/p>\n<p>Nous r\u00e9pondons toujours \u00e0 nos courriels ! Si vous n\u2019avez pas de nouvelles dans les deux jours, c\u2019est que quelque chose ne va pas. Veuillez nous appeler, ou envoyez un SMS ou Whatsapp au 06 42 88 19 73 (mobile Ester).<\/p>\n<p>&nbsp;<\/p>\n<p><strong>Adresse<\/strong><\/p>\n<p>Domaine Le Haut Verger<\/p>\n<p>Le Haut Verger<\/p>\n<p>36190 Gargilesse-Dampierre<\/p>\n<p>France<\/p>","protected":false},"excerpt":{"rendered":"<p>COMMENT NOUS CONTACTER Pour toutes les questions et d&rsquo;autres informations, nous sommes disponibles par t\u00e9l\u00e9phone et m\u00e8l. &nbsp; T\u00e9l\u00e9phone 00 33 (0)6 42 88 19 73 ou 00 33 (0)6 42 88 20 41 &nbsp; M\u00e8l domainelehautverger@gmail.com Nous r\u00e9pondons toujours \u00e0 nos courriels ! Si vous n\u2019avez pas de nouvelles dans les deux jours, c\u2019est [&hellip;]<\/p>\n","protected":false},"author":7,"featured_media":2698,"parent":0,"menu_order":24,"comment_status":"closed","ping_status":"closed","template":"","meta":[],"acf":[],"aioseo_notices":[],"_links":{"self":[{"href":"https:\/\/www.domainelehautverger.nl\/fr\/wp-json\/wp\/v2\/pages\/35"}],"collection":[{"href":"https:\/\/www.domainelehautverger.nl\/fr\/wp-json\/wp\/v2\/pages"}],"about":[{"href":"https:\/\/www.domainelehautverger.nl\/fr\/wp-json\/wp\/v2\/types\/page"}],"author":[{"embeddable":true,"href":"https:\/\/www.domainelehautverger.nl\/fr\/wp-json\/wp\/v2\/users\/7"}],"replies":[{"embeddable":true,"href":"https:\/\/www.domainelehautverger.nl\/fr\/wp-json\/wp\/v2\/comments?post=35"}],"version-history":[{"count":41,"href":"https:\/\/www.domainelehautverger.nl\/fr\/wp-json\/wp\/v2\/pages\/35\/revisions"}],"predecessor-version":[{"id":3815,"href":"https:\/\/www.domainelehautverger.nl\/fr\/wp-json\/wp\/v2\/pages\/35\/revisions\/3815"}],"wp:featuredmedia":[{"embeddable":true,"href":"https:\/\/www.domainelehautverger.nl\/fr\/wp-json\/wp\/v2\/media\/2698"}],"wp:attachment":[{"href":"https:\/\/www.domainelehautverger.nl\/fr\/wp-json\/wp\/v2\/media?parent=35"}],"curies":[{"name":"wp","href":"https:\/\/api.w.org\/{rel}","templated":true}]}}