{"id":3371,"date":"2022-02-04T16:41:30","date_gmt":"2022-02-04T15:41:30","guid":{"rendered":"https:\/\/www.domainelehautverger.nl\/?page_id=3371"},"modified":"2025-09-14T13:37:48","modified_gmt":"2025-09-14T11:37:48","slug":"wandelparadijs","status":"publish","type":"page","link":"https:\/\/www.domainelehautverger.nl\/fr\/omgeving\/wandelparadijs\/","title":{"rendered":"Paradis de la randonn\u00e9e"},"content":{"rendered":"<p><\/p>\n<h1>Paradis de la randonn\u00e9e<\/h1>\n<p>Tous nos h\u00f4tes &#8211; qu&rsquo;ils soient ou non de grands marcheurs &#8211; sont enthousiasm\u00e9s par les possibilit\u00e9s d&rsquo;explorer la r\u00e9gion \u00e0 pied. Bois, prairies, \u00e9tangs, petites et grandes rivi\u00e8res et leurs vall\u00e9es, hameaux et villages, petits vignobles : vous trouverez tout cela.<\/p>\n<p>Directement \u00e0 partir de notre domaine, vous pouvez parcourir plusieurs itin\u00e9raires. Aussi \u00e0 Gargilesse commencent de belles promenades. Mais vraiment partout, vous trouverez des <a href=\"https:\/\/www.komoot.com\/fr-fr\/guide\/1160644\/randonnees-autour-de-gargilesse-dampierre\">sentiers de randonn\u00e9e<\/a>. Et vous pouvez choisir si vous voulez faire plus ou moins d&rsquo;efforts compte tenu des d\u00e9nivel\u00e9s, mais la marche est en fait toujours relaxante dans cette r\u00e9gion vallonn\u00e9e.<\/p>\n<p>Si vous souhaitez tracer vous-m\u00eame un itin\u00e9raire, vous pouvez emprunter chez nous des cartes de randonn\u00e9e et d&rsquo;autres informations d\u00e9taill\u00e9es sur les randonn\u00e9es.<\/p>\n<p>Notre pr\u00e9f\u00e9r\u00e9e jusqu&rsquo;\u00e0 pr\u00e9sent est une promenade dans la vall\u00e9e f\u00e9erique de la <a href=\"https:\/\/fr.wikipedia.org\/wiki\/Gargilesse_(rivi%C3%A8re)\">Gargilesse<\/a>. Un vrai paradis en toute saison.<\/p>","protected":false},"excerpt":{"rendered":"<p>Paradis de la randonn\u00e9e Tous nos h\u00f4tes &#8211; qu&rsquo;ils soient ou non de grands marcheurs &#8211; sont enthousiasm\u00e9s par les possibilit\u00e9s d&rsquo;explorer la r\u00e9gion \u00e0 pied. Bois, prairies, \u00e9tangs, petites et grandes rivi\u00e8res et leurs vall\u00e9es, hameaux et villages, petits vignobles : vous trouverez tout cela. Directement \u00e0 partir de notre domaine, vous pouvez parcourir [&hellip;]<\/p>\n","protected":false},"author":7,"featured_media":3383,"parent":33,"menu_order":19,"comment_status":"closed","ping_status":"closed","template":"template_kamer.php","meta":[],"acf":[],"aioseo_notices":[],"_links":{"self":[{"href":"https:\/\/www.domainelehautverger.nl\/fr\/wp-json\/wp\/v2\/pages\/3371"}],"collection":[{"href":"https:\/\/www.domainelehautverger.nl\/fr\/wp-json\/wp\/v2\/pages"}],"about":[{"href":"https:\/\/www.domainelehautverger.nl\/fr\/wp-json\/wp\/v2\/types\/page"}],"author":[{"embeddable":true,"href":"https:\/\/www.domainelehautverger.nl\/fr\/wp-json\/wp\/v2\/users\/7"}],"replies":[{"embeddable":true,"href":"https:\/\/www.domainelehautverger.nl\/fr\/wp-json\/wp\/v2\/comments?post=3371"}],"version-history":[{"count":26,"href":"https:\/\/www.domainelehautverger.nl\/fr\/wp-json\/wp\/v2\/pages\/3371\/revisions"}],"predecessor-version":[{"id":4150,"href":"https:\/\/www.domainelehautverger.nl\/fr\/wp-json\/wp\/v2\/pages\/3371\/revisions\/4150"}],"up":[{"embeddable":true,"href":"https:\/\/www.domainelehautverger.nl\/fr\/wp-json\/wp\/v2\/pages\/33"}],"wp:featuredmedia":[{"embeddable":true,"href":"https:\/\/www.domainelehautverger.nl\/fr\/wp-json\/wp\/v2\/media\/3383"}],"wp:attachment":[{"href":"https:\/\/www.domainelehautverger.nl\/fr\/wp-json\/wp\/v2\/media?parent=3371"}],"curies":[{"name":"wp","href":"https:\/\/api.w.org\/{rel}","templated":true}]}}