{"id":3338,"date":"2022-02-04T12:55:51","date_gmt":"2022-02-04T11:55:51","guid":{"rendered":"https:\/\/www.domainelehautverger.nl\/?page_id=3338"},"modified":"2024-02-25T15:02:07","modified_gmt":"2024-02-25T14:02:07","slug":"wandelarrangement","status":"publish","type":"page","link":"https:\/\/www.domainelehautverger.nl\/fr\/workshops\/wandelarrangement\/","title":{"rendered":"Forfait randonn\u00e9e"},"content":{"rendered":"<p><\/p>\n<h1>Forfait randonn\u00e9e<\/h1>\n<p>Pour les randonneurs qui louent un de nos g\u00eetes pour une semaine entre le d\u00e9but du mois d&rsquo;octobre et la fin du mois de mai* (en principe du samedi au samedi), nous fournissons ce qui suit :<\/p>\n<ul>\n<li>le jour de l&rsquo;arriv\u00e9e, un bon repas fait maison se trouve dans votre r\u00e9frig\u00e9rateur<\/li>\n<li>nous vous servirons \u00e9galement une bonne bouteille de vin (ou si vous le pr\u00e9f\u00e9rez, de la bi\u00e8re ou du jus de pomme artisanal)<\/li>\n<li>dans votre g\u00eete, vous trouverez une carte de randonn\u00e9e avec toutes sortes de promenades balis\u00e9es<\/li>\n<li>nous avons \u00e9galement des cartes topographiques (s\u00e9rie bleue) avec des itin\u00e9raires de randonn\u00e9e que vous pouvez emprunter si vous souhaitez tracer votre propre itin\u00e9raire, ainsi qu&rsquo;un certain nombre d&rsquo;autres promenades d\u00e9crites<\/li>\n<li>le matin de votre arriv\u00e9e, nous vous servirons un petit-d\u00e9jeuner complet dans la salle \u00e0 manger ou, si le temps le permet, sur la terrasse de la grande maison<\/li>\n<li>des baguettes et\/ou des viennoiseries peuvent \u00eatre livr\u00e9es \u00e0 votre porte tous les matins sur demande (vous les payerez au moment du d\u00e9part)<\/li>\n<li>comme tous nos h\u00f4tes qui louent un g\u00eete, vous pouvez \u00e9galement prendre un petit-d\u00e9jeuner complet dans la salle \u00e0 manger de la grande maison les autres matins pour 12 \u20ac par personne<\/li>\n<li>si vous souhaitez que nous fassions des courses avant votre arriv\u00e9e, nous le ferons ; nous vous le facturerons \u00e9galement \u00e0 votre d\u00e9part<\/li>\n<li>dans nos g\u00eetes, il y a toujours un stock de base de nourriture et d&rsquo;articles de toilette pour vous aider \u00e0 &lsquo;d\u00e9marrer&rsquo;<\/li>\n<\/ul>\n<p>Vous louez un de nos g\u00eetes doubles pendant cette p\u00e9riode pour 490\u00a0\u20ac par semaine*, plus 65\u00a0\u20ac de frais de nettoyage. Le prix comprend \u00e9galement les lits faits, le linge de toilette, le linge de cuisine, la taxe de s\u00e9jour, le gaz et l&rsquo;eau et 8 kWh d&rsquo;\u00e9lectricit\u00e9 par jour.<\/p>\n<p><strong>*R\u00e9duction suppl\u00e9mentaire<\/strong> : si vous r\u00e9servez la semaine de randonn\u00e9e entre fin octobre et fin avril, vous paierez le loyer pour 6 jours au lieu de 7. Le loyer hebdomadaire sera donc de 420 \u20ac au lieu de 490 \u20ac.<\/p>\n<p>En bref : si vous aimez les randonn\u00e9es et la tranquillit\u00e9, vous appr\u00e9cierez votre s\u00e9jour au Domaine Le Haut Verger. La r\u00e9gion est un v\u00e9ritable paradis pour les randonneurs.<\/p>\n<p>Via\u00a0<a href=\"https:\/\/www.domainelehautverger.nl\/fr\/kamers\/la-remise\/\">ce lien<\/a> vous pouvez lire et voir tout sur notre g\u00eete La Remise.\u00a0Et\u00a0<a href=\"https:\/\/www.domainelehautverger.nl\/fr\/kamers\/lmdj\/\">ici<\/a>\u00a0vous trouverez toutes les informations sur notre g\u00eete La Maison du Jardinier.<\/p>\n<p>Vous pouvez r\u00e9server en envoyant un courriel \u00e0 domainelehautverger@gmail.com<\/p>","protected":false},"excerpt":{"rendered":"<p>Forfait randonn\u00e9e Pour les randonneurs qui louent un de nos g\u00eetes pour une semaine entre le d\u00e9but du mois d&rsquo;octobre et la fin du mois de mai* (en principe du samedi au samedi), nous fournissons ce qui suit : le jour de l&rsquo;arriv\u00e9e, un bon repas fait maison se trouve dans votre r\u00e9frig\u00e9rateur nous vous [&hellip;]<\/p>\n","protected":false},"author":7,"featured_media":3364,"parent":2381,"menu_order":30,"comment_status":"closed","ping_status":"closed","template":"template_kamer.php","meta":[],"acf":[],"aioseo_notices":[],"_links":{"self":[{"href":"https:\/\/www.domainelehautverger.nl\/fr\/wp-json\/wp\/v2\/pages\/3338"}],"collection":[{"href":"https:\/\/www.domainelehautverger.nl\/fr\/wp-json\/wp\/v2\/pages"}],"about":[{"href":"https:\/\/www.domainelehautverger.nl\/fr\/wp-json\/wp\/v2\/types\/page"}],"author":[{"embeddable":true,"href":"https:\/\/www.domainelehautverger.nl\/fr\/wp-json\/wp\/v2\/users\/7"}],"replies":[{"embeddable":true,"href":"https:\/\/www.domainelehautverger.nl\/fr\/wp-json\/wp\/v2\/comments?post=3338"}],"version-history":[{"count":43,"href":"https:\/\/www.domainelehautverger.nl\/fr\/wp-json\/wp\/v2\/pages\/3338\/revisions"}],"predecessor-version":[{"id":3852,"href":"https:\/\/www.domainelehautverger.nl\/fr\/wp-json\/wp\/v2\/pages\/3338\/revisions\/3852"}],"up":[{"embeddable":true,"href":"https:\/\/www.domainelehautverger.nl\/fr\/wp-json\/wp\/v2\/pages\/2381"}],"wp:featuredmedia":[{"embeddable":true,"href":"https:\/\/www.domainelehautverger.nl\/fr\/wp-json\/wp\/v2\/media\/3364"}],"wp:attachment":[{"href":"https:\/\/www.domainelehautverger.nl\/fr\/wp-json\/wp\/v2\/media?parent=3338"}],"curies":[{"name":"wp","href":"https:\/\/api.w.org\/{rel}","templated":true}]}}