{"id":33,"date":"2017-04-05T10:46:43","date_gmt":"2017-04-05T09:46:43","guid":{"rendered":"http:\/\/hauteverger\/?page_id=33"},"modified":"2019-09-27T13:37:55","modified_gmt":"2019-09-27T11:37:55","slug":"omgeving","status":"publish","type":"page","link":"https:\/\/www.domainelehautverger.nl\/fr\/omgeving\/","title":{"rendered":"Patrimoine"},"content":{"rendered":"<p><\/p>\n<h1>PATRIMOINE<\/h1>\n<p>Domaine Le Haut-Verger se trouve dans le duch\u00e9 du Berry, au c\u0153ur de la France, \u00e0 deux pas de Gargilesse. Dans cette r\u00e9gion historique il y a de magnifiques sentiers de randonn\u00e9e, des circuits pour les cyclotouristes, et le chemin de St Jacques de Compostelle traverse m\u00eame le village. Il y a plein d\u2019endroits o\u00f9 l\u2019on peut nager, p\u00eacher et faire du cano\u00eb, on peut faire du cheval et le Parc R\u00e9gional de la Brenne, le pays des mille \u00e9tangs, est un paradis pour les amoureux de la nature et les ornithologues amateurs.<\/p>\n<p>La vie culturelle y est \u00e9galement tr\u00e8s vari\u00e9e. Il y a plusieurs festivals de musique du printemps jusqu\u2019\u00e0 l\u2019automne. Partout dans la r\u00e9gion on peut visiter des ch\u00e2teaux, des abbayes, des villages pittoresques, des villes int\u00e9ressantes et des march\u00e9s accueillants ainsi que des brocantes. Et bien s\u00fbr il y a aussi l\u2019\u00e9crivain George Sand, qui a inspir\u00e9 nombre de peintres romantiques, impressionnistes, ainsi que des musiciens et po\u00e8tes , \u00e0 venir d\u00e9couvrir la r\u00e9gion.<\/p>","protected":false},"excerpt":{"rendered":"<p>PATRIMOINE Domaine Le Haut-Verger se trouve dans le duch\u00e9 du Berry, au c\u0153ur de la France, \u00e0 deux pas de Gargilesse. Dans cette r\u00e9gion historique il y a de magnifiques sentiers de randonn\u00e9e, des circuits pour les cyclotouristes, et le chemin de St Jacques de Compostelle traverse m\u00eame le village. Il y a plein d\u2019endroits [&hellip;]<\/p>\n","protected":false},"author":1,"featured_media":2227,"parent":0,"menu_order":18,"comment_status":"closed","ping_status":"closed","template":"","meta":[],"acf":[],"aioseo_notices":[],"_links":{"self":[{"href":"https:\/\/www.domainelehautverger.nl\/fr\/wp-json\/wp\/v2\/pages\/33"}],"collection":[{"href":"https:\/\/www.domainelehautverger.nl\/fr\/wp-json\/wp\/v2\/pages"}],"about":[{"href":"https:\/\/www.domainelehautverger.nl\/fr\/wp-json\/wp\/v2\/types\/page"}],"author":[{"embeddable":true,"href":"https:\/\/www.domainelehautverger.nl\/fr\/wp-json\/wp\/v2\/users\/1"}],"replies":[{"embeddable":true,"href":"https:\/\/www.domainelehautverger.nl\/fr\/wp-json\/wp\/v2\/comments?post=33"}],"version-history":[{"count":27,"href":"https:\/\/www.domainelehautverger.nl\/fr\/wp-json\/wp\/v2\/pages\/33\/revisions"}],"predecessor-version":[{"id":3165,"href":"https:\/\/www.domainelehautverger.nl\/fr\/wp-json\/wp\/v2\/pages\/33\/revisions\/3165"}],"wp:featuredmedia":[{"embeddable":true,"href":"https:\/\/www.domainelehautverger.nl\/fr\/wp-json\/wp\/v2\/media\/2227"}],"wp:attachment":[{"href":"https:\/\/www.domainelehautverger.nl\/fr\/wp-json\/wp\/v2\/media?parent=33"}],"curies":[{"name":"wp","href":"https:\/\/api.w.org\/{rel}","templated":true}]}}