{"id":31,"date":"2017-04-05T10:46:27","date_gmt":"2017-04-05T09:46:27","guid":{"rendered":"http:\/\/hauteverger\/?page_id=31"},"modified":"2025-09-14T14:28:44","modified_gmt":"2025-09-14T12:28:44","slug":"table-dhotes","status":"publish","type":"page","link":"https:\/\/www.domainelehautverger.nl\/fr\/kamers\/table-dhotes\/","title":{"rendered":"Table d&rsquo;h\u00f4tes"},"content":{"rendered":"<p><\/p>\n<h1>TABLE D\u2019H\u00d4TES<\/h1>\n<p>Nous sommes ravis d&rsquo;accueillir chaque ann\u00e9e autant de h\u00f4tes. Des h\u00f4tes qui repartent satisfaits, ce qui nous rend \u00e9galement heureux.<\/p>\n<p>En raison de la quantit\u00e9 de travail qui tra\u00eenait dans notre domaine, nous n&rsquo;avons pas organis\u00e9 de table d&rsquo;h\u00f4tes en 2024, \u00e0 titre d&rsquo;essai. Et nous avons constat\u00e9 que cela nous laisse beaucoup d&rsquo;espace pour des travaux qui nous tiennent \u00e9galement \u00e0 c\u0153ur. C&rsquo;est pourquoi, apr\u00e8s m\u00fbre r\u00e9flexion, nous avons d\u00e9cid\u00e9 de ne plus servir de table d&rsquo;h\u00f4tes (\u00e0 l&rsquo;exception \u00e9ventuelle des groupes, et des p\u00e8lerins \u00e0 pied). Nous consacrons le temps ainsi gagn\u00e9 \u00e0 l&rsquo;entretien du terrain, du jardin et de la maison. Pour que tout soit bien entretenu et encore plus beau.<\/p>\n<p>Nous savons que le fait de pouvoir d\u00eener sur place est un atout pour de nombreux h\u00f4tes, c&rsquo;est pourquoi nous sommes heureux de proposer une alternative \u00e0 distance de marche. En effet, \u00e0 seulement 700 m\u00e8tres de nous, vous trouverez l&rsquo;Auberge des Artistes (depuis 1820 !). Nous nous ferons un plaisir de vous r\u00e9server une table avec le propri\u00e9taire flamand et son compagnon fran\u00e7ais. Si vous le souhaitez, nous pouvons \u00e9galement vous indiquer d&rsquo;autres adresses \u00e0 proximit\u00e9, \u00e0 d\u00e9guster un plateau ap\u00e9ritif ou un d\u00eener plus copieux.<\/p>\n<p>En outre, en tant qu&rsquo;h\u00f4te de nos chambres d&rsquo;h\u00f4tes, vous pouvez \u00e9galement pique-niquer sur la terrasse ou dans la salle \u00e0 manger avec des aliments que vous avez apport\u00e9s. Les boissons \u00e9ventuelles peuvent \u00eatre command\u00e9es aupr\u00e8s de nous.<\/p>","protected":false},"excerpt":{"rendered":"<p>TABLE D\u2019H\u00d4TES Nous sommes ravis d&rsquo;accueillir chaque ann\u00e9e autant de h\u00f4tes. Des h\u00f4tes qui repartent satisfaits, ce qui nous rend \u00e9galement heureux. En raison de la quantit\u00e9 de travail qui tra\u00eenait dans notre domaine, nous n&rsquo;avons pas organis\u00e9 de table d&rsquo;h\u00f4tes en 2024, \u00e0 titre d&rsquo;essai. Et nous avons constat\u00e9 que cela nous laisse beaucoup [&hellip;]<\/p>\n","protected":false},"author":1,"featured_media":2424,"parent":5,"menu_order":15,"comment_status":"closed","ping_status":"closed","template":"template_kamer.php","meta":[],"acf":[],"aioseo_notices":[],"_links":{"self":[{"href":"https:\/\/www.domainelehautverger.nl\/fr\/wp-json\/wp\/v2\/pages\/31"}],"collection":[{"href":"https:\/\/www.domainelehautverger.nl\/fr\/wp-json\/wp\/v2\/pages"}],"about":[{"href":"https:\/\/www.domainelehautverger.nl\/fr\/wp-json\/wp\/v2\/types\/page"}],"author":[{"embeddable":true,"href":"https:\/\/www.domainelehautverger.nl\/fr\/wp-json\/wp\/v2\/users\/1"}],"replies":[{"embeddable":true,"href":"https:\/\/www.domainelehautverger.nl\/fr\/wp-json\/wp\/v2\/comments?post=31"}],"version-history":[{"count":37,"href":"https:\/\/www.domainelehautverger.nl\/fr\/wp-json\/wp\/v2\/pages\/31\/revisions"}],"predecessor-version":[{"id":2876,"href":"https:\/\/www.domainelehautverger.nl\/fr\/wp-json\/wp\/v2\/pages\/31\/revisions\/2876"}],"up":[{"embeddable":true,"href":"https:\/\/www.domainelehautverger.nl\/fr\/wp-json\/wp\/v2\/pages\/5"}],"wp:featuredmedia":[{"embeddable":true,"href":"https:\/\/www.domainelehautverger.nl\/fr\/wp-json\/wp\/v2\/media\/2424"}],"wp:attachment":[{"href":"https:\/\/www.domainelehautverger.nl\/fr\/wp-json\/wp\/v2\/media?parent=31"}],"curies":[{"name":"wp","href":"https:\/\/api.w.org\/{rel}","templated":true}]}}