{"id":2903,"date":"2018-04-16T12:21:22","date_gmt":"2018-04-16T10:21:22","guid":{"rendered":"http:\/\/www.domainelehautverger.nl\/?page_id=2903"},"modified":"2022-06-29T14:02:08","modified_gmt":"2022-06-29T12:02:08","slug":"langdurig-verblijf","status":"publish","type":"page","link":"https:\/\/www.domainelehautverger.nl\/fr\/workshops\/langdurig-verblijf\/","title":{"rendered":"S\u00e9jour de longue dur\u00e9e"},"content":{"rendered":"<p><\/p>\n<h1>S\u00e9jour de longue dur\u00e9e d\u00e9but ou fin saison<\/h1>\n<p>Vous \u00eates traducteur ? Auteur ? Musicien* ? Cr\u00e9ateur de th\u00e9\u00e2tre ? Un scientifique ? Artiste plasticien** ?<\/p>\n<p>Vous souhaitez pouvoir travailler plus longtemps dans le calme et sans \u00eatre d\u00e9rang\u00e9 ?<\/p>\n<p>Ou avez-vous simplement besoin de plusieurs semaines ou mois de repos ?<\/p>\n<p>Si vous souhaitez s\u00e9journer plus longtemps dans l&rsquo;un de nos g\u00eetes en d\u00e9but ou en fin de saison, nous pouvons vous faire une offre sp\u00e9ciale. Envoyez-nous un e-mail avec vos souhaits (domainelehautverger@gmail.com) et nous vous ferons savoir \u00e0 quel tarif r\u00e9duit vous pouvez \u00eatre notre h\u00f4te.<\/p>\n<p>*La culture musicale est tr\u00e8s vivante \u00e0 Gargilesse, et l&rsquo;\u00e9glise a une excellente acoustique. Si vous souhaitez combiner une r\u00e9presentation musicale avec votre s\u00e9jour, nous pouvons toujours en discuter avec la municipalit\u00e9.<\/p>\n<p>**Pour les artistes plasticiens, nous pouvons \u00e9tudier les possibilit\u00e9s d&rsquo;une exposition dans l&rsquo;une des galeries de Gargilesse.<\/p>\n<p><a href=\"http:\/\/www.domainelehautverger.nl\/kamers\/la-remise\/\">Ici vous trouverez des informations sur notre g\u00eete La Remise.<\/a><\/p>\n<p><a href=\"http:\/\/www.domainelehautverger.nl\/kamers\/lmdj\/\">Vous trouverez ici des informations sur notre g\u00eete La Maison du Jardinier.<\/a><\/p>","protected":false},"excerpt":{"rendered":"<p>S\u00e9jour de longue dur\u00e9e d\u00e9but ou fin saison Vous \u00eates traducteur ? Auteur ? Musicien* ? Cr\u00e9ateur de th\u00e9\u00e2tre ? Un scientifique ? Artiste plasticien** ? Vous souhaitez pouvoir travailler plus longtemps dans le calme et sans \u00eatre d\u00e9rang\u00e9 ? Ou avez-vous simplement besoin de plusieurs semaines ou mois de repos ? Si vous souhaitez [&hellip;]<\/p>\n","protected":false},"author":7,"featured_media":2912,"parent":2381,"menu_order":31,"comment_status":"closed","ping_status":"closed","template":"template_kamer.php","meta":[],"acf":[],"aioseo_notices":[],"_links":{"self":[{"href":"https:\/\/www.domainelehautverger.nl\/fr\/wp-json\/wp\/v2\/pages\/2903"}],"collection":[{"href":"https:\/\/www.domainelehautverger.nl\/fr\/wp-json\/wp\/v2\/pages"}],"about":[{"href":"https:\/\/www.domainelehautverger.nl\/fr\/wp-json\/wp\/v2\/types\/page"}],"author":[{"embeddable":true,"href":"https:\/\/www.domainelehautverger.nl\/fr\/wp-json\/wp\/v2\/users\/7"}],"replies":[{"embeddable":true,"href":"https:\/\/www.domainelehautverger.nl\/fr\/wp-json\/wp\/v2\/comments?post=2903"}],"version-history":[{"count":19,"href":"https:\/\/www.domainelehautverger.nl\/fr\/wp-json\/wp\/v2\/pages\/2903\/revisions"}],"predecessor-version":[{"id":3336,"href":"https:\/\/www.domainelehautverger.nl\/fr\/wp-json\/wp\/v2\/pages\/2903\/revisions\/3336"}],"up":[{"embeddable":true,"href":"https:\/\/www.domainelehautverger.nl\/fr\/wp-json\/wp\/v2\/pages\/2381"}],"wp:featuredmedia":[{"embeddable":true,"href":"https:\/\/www.domainelehautverger.nl\/fr\/wp-json\/wp\/v2\/media\/2912"}],"wp:attachment":[{"href":"https:\/\/www.domainelehautverger.nl\/fr\/wp-json\/wp\/v2\/media?parent=2903"}],"curies":[{"name":"wp","href":"https:\/\/api.w.org\/{rel}","templated":true}]}}