{"id":2751,"date":"2018-03-13T18:17:31","date_gmt":"2018-03-13T17:17:31","guid":{"rendered":"http:\/\/www.domainelehautverger.nl\/?page_id=2751"},"modified":"2019-09-27T14:53:18","modified_gmt":"2019-09-27T12:53:18","slug":"te-voet-of-per-fiets","status":"publish","type":"page","link":"https:\/\/www.domainelehautverger.nl\/fr\/contact\/te-voet-of-per-fiets\/","title":{"rendered":"\u00c0 pied o\u00f9 \u00e0 v\u00e9lo"},"content":{"rendered":"<p><\/p>\n<h1>\u00c0 PIED, \u00c0 V\u00c9LO OU AUTREMENT<\/h1>\n<p>Vous pouvez \u00e9galement utiliser Domaine Le Haut Verger comme destination finale ou escale pour vos vacances ou p\u00e8lerinage \u00e0 pied, \u00e0 v\u00e9lo, \u00e0 cheval ou ce que vous pr\u00e9f\u00e9rez comme moyen de transport.<\/p>\n<p>La route des p\u00e8lerins \u00e0 Saint Jacques de Compostelle passe par Gargilesse, et bien s\u00fbr, vous pouvez \u00e9galement trouver ici des sentiers de Grande Randonn\u00e9e.<\/p>\n<p>Il existe de nombreux itin\u00e9raires p\u00e9destres et cyclistes qui vous m\u00e8nent au Berry, et il y a toutes sortes de cartes, livrets, brochures et descriptions en plusieurs langues.<\/p>\n<p>La France et le Berry se pr\u00eatent aussi bien \u00e0 la randonn\u00e9e \u00e0 cheval, avec ou sans guide, que ce soit ou non le long des chemins de p\u00e8lerinage sur une dur\u00e9e de quelques jours \u00e0 quelques mois.<\/p>","protected":false},"excerpt":{"rendered":"<p>\u00c0 PIED, \u00c0 V\u00c9LO OU AUTREMENT Vous pouvez \u00e9galement utiliser Domaine Le Haut Verger comme destination finale ou escale pour vos vacances ou p\u00e8lerinage \u00e0 pied, \u00e0 v\u00e9lo, \u00e0 cheval ou ce que vous pr\u00e9f\u00e9rez comme moyen de transport. La route des p\u00e8lerins \u00e0 Saint Jacques de Compostelle passe par Gargilesse, et bien s\u00fbr, vous [&hellip;]<\/p>\n","protected":false},"author":7,"featured_media":2756,"parent":35,"menu_order":25,"comment_status":"closed","ping_status":"closed","template":"template_kamer.php","meta":[],"acf":[],"aioseo_notices":[],"_links":{"self":[{"href":"https:\/\/www.domainelehautverger.nl\/fr\/wp-json\/wp\/v2\/pages\/2751"}],"collection":[{"href":"https:\/\/www.domainelehautverger.nl\/fr\/wp-json\/wp\/v2\/pages"}],"about":[{"href":"https:\/\/www.domainelehautverger.nl\/fr\/wp-json\/wp\/v2\/types\/page"}],"author":[{"embeddable":true,"href":"https:\/\/www.domainelehautverger.nl\/fr\/wp-json\/wp\/v2\/users\/7"}],"replies":[{"embeddable":true,"href":"https:\/\/www.domainelehautverger.nl\/fr\/wp-json\/wp\/v2\/comments?post=2751"}],"version-history":[{"count":12,"href":"https:\/\/www.domainelehautverger.nl\/fr\/wp-json\/wp\/v2\/pages\/2751\/revisions"}],"predecessor-version":[{"id":3171,"href":"https:\/\/www.domainelehautverger.nl\/fr\/wp-json\/wp\/v2\/pages\/2751\/revisions\/3171"}],"up":[{"embeddable":true,"href":"https:\/\/www.domainelehautverger.nl\/fr\/wp-json\/wp\/v2\/pages\/35"}],"wp:featuredmedia":[{"embeddable":true,"href":"https:\/\/www.domainelehautverger.nl\/fr\/wp-json\/wp\/v2\/media\/2756"}],"wp:attachment":[{"href":"https:\/\/www.domainelehautverger.nl\/fr\/wp-json\/wp\/v2\/media?parent=2751"}],"curies":[{"name":"wp","href":"https:\/\/api.w.org\/{rel}","templated":true}]}}