{"id":2381,"date":"2018-02-06T12:22:56","date_gmt":"2018-02-06T11:22:56","guid":{"rendered":"http:\/\/www.domainelehautverger.nl\/?page_id=2381"},"modified":"2024-01-10T14:59:43","modified_gmt":"2024-01-10T13:59:43","slug":"workshops","status":"publish","type":"page","link":"https:\/\/www.domainelehautverger.nl\/fr\/workshops\/","title":{"rendered":"Il y a plus &#8230;"},"content":{"rendered":"<p><\/p>\n<h1>OPTIONS &amp; PROJETS<\/h1>\n<p>Le Berry est une belle r\u00e9gion, relativement m\u00e9connue.\u00a0 Nous sommes donc heureux que nos h\u00f4tes trouvent souvent qu&rsquo;une premi\u00e8re rencontre a un go\u00fbt de plus. Et au fil des ans, nous avons vu de nombreuses personnes revenir. Nous sommes ravis qu&rsquo;ils trouvent l&rsquo;endroit aussi beau et agr\u00e9able que nous. Apr\u00e8s tout, c&rsquo;est pour \u00e7a que nous avons cr\u00e9\u00e9 un chambres d\u2019h\u00f4tes ici.<\/p>\n<p>Les visiteurs nous disent aussi r\u00e9guli\u00e8rement qu&rsquo;ils aimeraient faire d\u00e9couvrir la r\u00e9gion \u00e0 leurs amis ou \u00e0 leur famille, ou encore y faire de la randonn\u00e9e pendant une semaine (Le Berry est une excellente r\u00e9gion de randonn\u00e9e).<\/p>\n<p>C&rsquo;est pourquoi nous proposons des offres sp\u00e9ciales aux anciens et aux nouveaux h\u00f4tes qui souhaitent venir passer une semaine ou plus en d\u00e9but ou en fin de saison.<\/p>\n<p>Et autre chose. Avant de nous installer \u00e0 Gargilesse, nous avons souvent parl\u00e9 de la fa\u00e7on dont nous aimerions combiner l&rsquo;h\u00e9bergement au Haut Verger avec notre grand int\u00e9r\u00eat pour la langue, la musique et les autres expressions culturelles. De plus, nous sommes tous deux toujours inspir\u00e9s par les personnes qui sont passionn\u00e9es par quelque chose.<\/p>\n<p>C&rsquo;est pourquoi nous offrons aux auteurs, musiciens et autres artistes la possibilit\u00e9 de venir travailler ici pour une p\u00e9riode plus longue, hors saison, dans le calme et la tranquillit\u00e9, \u00e0 un loyer r\u00e9duit. Avec la possibilit\u00e9, pour ceux qui le souhaitent et en concertation avec la municipalit\u00e9, d&rsquo;exposer ou d&rsquo;organiser un spectacle.<\/p>\n<p>Mais aussi des master classes ou des ateliers d&rsquo;une semaine seraient une possibilit\u00e9, o\u00f9 nous nous occuperions de la partie soins. Pendant le festival international annuel de harpe de Gargilesse, plusieurs musiciens de diff\u00e9rents pays s\u00e9journent chez nous et il y a de la musique toute la journ\u00e9e dans et autour de la maison. Cela donne envie d&rsquo;en avoir plus.<\/p>\n<p>Par cons\u00e9quent, si vous avez des id\u00e9es dans ce domaine, n&rsquo;h\u00e9sitez pas \u00e0 nous contacter \u00e0 l&rsquo;adresse domainelehautverger@gmail.com<\/p>","protected":false},"excerpt":{"rendered":"<p>OPTIONS &amp; PROJETS Le Berry est une belle r\u00e9gion, relativement m\u00e9connue.\u00a0 Nous sommes donc heureux que nos h\u00f4tes trouvent souvent qu&rsquo;une premi\u00e8re rencontre a un go\u00fbt de plus. Et au fil des ans, nous avons vu de nombreuses personnes revenir. Nous sommes ravis qu&rsquo;ils trouvent l&rsquo;endroit aussi beau et agr\u00e9able que nous. Apr\u00e8s tout, c&rsquo;est [&hellip;]<\/p>\n","protected":false},"author":7,"featured_media":2787,"parent":0,"menu_order":28,"comment_status":"closed","ping_status":"closed","template":"","meta":[],"acf":[],"aioseo_notices":[],"_links":{"self":[{"href":"https:\/\/www.domainelehautverger.nl\/fr\/wp-json\/wp\/v2\/pages\/2381"}],"collection":[{"href":"https:\/\/www.domainelehautverger.nl\/fr\/wp-json\/wp\/v2\/pages"}],"about":[{"href":"https:\/\/www.domainelehautverger.nl\/fr\/wp-json\/wp\/v2\/types\/page"}],"author":[{"embeddable":true,"href":"https:\/\/www.domainelehautverger.nl\/fr\/wp-json\/wp\/v2\/users\/7"}],"replies":[{"embeddable":true,"href":"https:\/\/www.domainelehautverger.nl\/fr\/wp-json\/wp\/v2\/comments?post=2381"}],"version-history":[{"count":19,"href":"https:\/\/www.domainelehautverger.nl\/fr\/wp-json\/wp\/v2\/pages\/2381\/revisions"}],"predecessor-version":[{"id":2772,"href":"https:\/\/www.domainelehautverger.nl\/fr\/wp-json\/wp\/v2\/pages\/2381\/revisions\/2772"}],"wp:featuredmedia":[{"embeddable":true,"href":"https:\/\/www.domainelehautverger.nl\/fr\/wp-json\/wp\/v2\/media\/2787"}],"wp:attachment":[{"href":"https:\/\/www.domainelehautverger.nl\/fr\/wp-json\/wp\/v2\/media?parent=2381"}],"curies":[{"name":"wp","href":"https:\/\/api.w.org\/{rel}","templated":true}]}}