{"id":1583,"date":"2016-10-12T20:25:07","date_gmt":"2016-10-12T19:25:07","guid":{"rendered":"http:\/\/hauteverger\/gen-booking-calendar\/"},"modified":"2025-04-07T18:39:14","modified_gmt":"2025-04-07T16:39:14","slug":"reserveren","status":"publish","type":"page","link":"https:\/\/www.domainelehautverger.nl\/fr\/reserveren\/","title":{"rendered":"R\u00e9server"},"content":{"rendered":"<p><\/p>\n<h1>VENEZ ET PROFITEZ<\/h1>\n<p>Entre-temps, vous \u00eates peut-\u00eatre aussi enthousiaste que nous au sujet du Domaine Le Haut Verger, de Gargilesse et du Berry. Et vous voudriez venir voir par vous-m\u00eame comme c&rsquo;est beau et agr\u00e9able ici. Pour un long week-end, une petite semaine avant ou apr\u00e8s la saison ou pendant vos vacances d&rsquo;\u00e9t\u00e9. Ou peut-\u00eatre souhaitez-vous b\u00e9n\u00e9ficier de notre offre pour louer un de nos g\u00eetes pour une p\u00e9riode plus longue \u00e0 un prix sp\u00e9cial.<\/p>\n<p>Vous pouvez v\u00e9rifier la disponibilit\u00e9 ci-dessous (vert = en principe disponible). Attention: Sur votre smartphone le calendrier n&rsquo;est malheureusement pas visible.<\/p>\n<p>Pour de plus amples informations ou une demande de r\u00e9servation, envoyez-nous un courriel \u00e0 <strong>domainelehautverger@gmail.com<\/strong>. Nous r\u00e9pondons toujours \u00e0 nos courriels ! Si vous n&rsquo;avez pas de nouvelles apr\u00e8s deux jours au plus tard, c&rsquo;est que quelque chose ne va pas. Veuillez nous appeler, ou envoyez un texto ou un message via Signal au 06 42 88 19 73 (mobile Ester).<\/p>\n<p>Pr\u00e9f\u00e9rez-vous nous contacter d&rsquo;abord par t\u00e9l\u00e9phone ? Alors appelez-nous au <strong>06 42 88 19 73<\/strong> (Ester) ou <strong>06 42 88 20 41<\/strong> (Jos).<\/p>\n<p>Nous esp\u00e9rons vous accueillir sur notre magnifique domaine.<\/p>\n<p>&nbsp;<\/p>\n<p>Voulez-vous lire nos conditions g\u00e9n\u00e9rales? Vous pouvez les trouver <a href=\"https:\/\/www.domainelehautverger.nl\/reserveren\/onze-algemene-voorwaarden\/\">ici<\/a>.<\/p>\n<p>&nbsp;<\/p>\n<p>&nbsp;<\/p>\n<p>&nbsp;<\/p>","protected":false},"excerpt":{"rendered":"<p>VENEZ ET PROFITEZ Entre-temps, vous \u00eates peut-\u00eatre aussi enthousiaste que nous au sujet du Domaine Le Haut Verger, de Gargilesse et du Berry. Et vous voudriez venir voir par vous-m\u00eame comme c&rsquo;est beau et agr\u00e9able ici. Pour un long week-end, une petite semaine avant ou apr\u00e8s la saison ou pendant vos vacances d&rsquo;\u00e9t\u00e9. Ou peut-\u00eatre [&hellip;]<\/p>\n","protected":false},"author":1,"featured_media":2861,"parent":0,"menu_order":16,"comment_status":"closed","ping_status":"closed","template":"page_booking.php","meta":[],"acf":[],"aioseo_notices":[],"_links":{"self":[{"href":"https:\/\/www.domainelehautverger.nl\/fr\/wp-json\/wp\/v2\/pages\/1583"}],"collection":[{"href":"https:\/\/www.domainelehautverger.nl\/fr\/wp-json\/wp\/v2\/pages"}],"about":[{"href":"https:\/\/www.domainelehautverger.nl\/fr\/wp-json\/wp\/v2\/types\/page"}],"author":[{"embeddable":true,"href":"https:\/\/www.domainelehautverger.nl\/fr\/wp-json\/wp\/v2\/users\/1"}],"replies":[{"embeddable":true,"href":"https:\/\/www.domainelehautverger.nl\/fr\/wp-json\/wp\/v2\/comments?post=1583"}],"version-history":[{"count":63,"href":"https:\/\/www.domainelehautverger.nl\/fr\/wp-json\/wp\/v2\/pages\/1583\/revisions"}],"predecessor-version":[{"id":4053,"href":"https:\/\/www.domainelehautverger.nl\/fr\/wp-json\/wp\/v2\/pages\/1583\/revisions\/4053"}],"wp:featuredmedia":[{"embeddable":true,"href":"https:\/\/www.domainelehautverger.nl\/fr\/wp-json\/wp\/v2\/media\/2861"}],"wp:attachment":[{"href":"https:\/\/www.domainelehautverger.nl\/fr\/wp-json\/wp\/v2\/media?parent=1583"}],"curies":[{"name":"wp","href":"https:\/\/api.w.org\/{rel}","templated":true}]}}