{"id":107,"date":"2017-06-15T09:51:07","date_gmt":"2017-06-15T07:51:07","guid":{"rendered":"http:\/\/hauteverger\/?page_id=107"},"modified":"2018-03-13T18:22:21","modified_gmt":"2018-03-13T17:22:21","slug":"openbaar-vervoer","status":"publish","type":"page","link":"https:\/\/www.domainelehautverger.nl\/fr\/contact\/openbaar-vervoer\/","title":{"rendered":"Transports en commun"},"content":{"rendered":"<p><\/p>\n<h1>Transports en commun<\/h1>\n<p>Nous sommes facile \u00e0 atteindre en train. De Paris, Gare d&rsquo;Austerlitz, partent des trains pour Ch\u00e2teauroux et plusieurs fois par jour un train va directement \u00e0 Argenton-sur-Creuse. Si vous nous faites savoir \u00e0 quelle heure vous arrivez \u00e0 quelle station, nous sommes pr\u00eats \u00e0 venir vous chercher.<\/p>\n<p>Il existe aussi plusieurs compagnies de bus qui ont une connexion en ligne entre diff\u00e9rentes villes fran\u00e7aises. Vous pouvez prendre un bus \u00e0 Ch\u00e2teauroux, et l\u00e0 prendre le train pour Argenton-sur-Creuse, o\u00f9 nous pouvons venir vous chercher.<\/p>\n<p>Voler \u00e0 Paris ou \u00e0 Limoges est \u00e9galement une option. De l\u00e0, vous pouvez prendre un train (voir ci-dessus).<\/p>\n<h4>Transport public + location de voiture<\/h4>\n<p>Si pendant vos vacances vous voulez toujours avoir une voiture \u00e0 votre disposition, vous pouvez en louer une. En face de la gare de Ch\u00e2teauroux, par exemple, se trouve la soci\u00e9t\u00e9 de location de voitures Hertz. De Ch\u00e2teauroux, vous pouvez nous rejoindre en 40 minutes en voiture.<\/p>","protected":false},"excerpt":{"rendered":"<p>Transports en commun Nous sommes facile \u00e0 atteindre en train. De Paris, Gare d&rsquo;Austerlitz, partent des trains pour Ch\u00e2teauroux et plusieurs fois par jour un train va directement \u00e0 Argenton-sur-Creuse. Si vous nous faites savoir \u00e0 quelle heure vous arrivez \u00e0 quelle station, nous sommes pr\u00eats \u00e0 venir vous chercher. Il existe aussi plusieurs compagnies [&hellip;]<\/p>\n","protected":false},"author":1,"featured_media":2303,"parent":35,"menu_order":27,"comment_status":"closed","ping_status":"closed","template":"","meta":[],"acf":[],"aioseo_notices":[],"_links":{"self":[{"href":"https:\/\/www.domainelehautverger.nl\/fr\/wp-json\/wp\/v2\/pages\/107"}],"collection":[{"href":"https:\/\/www.domainelehautverger.nl\/fr\/wp-json\/wp\/v2\/pages"}],"about":[{"href":"https:\/\/www.domainelehautverger.nl\/fr\/wp-json\/wp\/v2\/types\/page"}],"author":[{"embeddable":true,"href":"https:\/\/www.domainelehautverger.nl\/fr\/wp-json\/wp\/v2\/users\/1"}],"replies":[{"embeddable":true,"href":"https:\/\/www.domainelehautverger.nl\/fr\/wp-json\/wp\/v2\/comments?post=107"}],"version-history":[{"count":11,"href":"https:\/\/www.domainelehautverger.nl\/fr\/wp-json\/wp\/v2\/pages\/107\/revisions"}],"predecessor-version":[{"id":2655,"href":"https:\/\/www.domainelehautverger.nl\/fr\/wp-json\/wp\/v2\/pages\/107\/revisions\/2655"}],"up":[{"embeddable":true,"href":"https:\/\/www.domainelehautverger.nl\/fr\/wp-json\/wp\/v2\/pages\/35"}],"wp:featuredmedia":[{"embeddable":true,"href":"https:\/\/www.domainelehautverger.nl\/fr\/wp-json\/wp\/v2\/media\/2303"}],"wp:attachment":[{"href":"https:\/\/www.domainelehautverger.nl\/fr\/wp-json\/wp\/v2\/media?parent=107"}],"curies":[{"name":"wp","href":"https:\/\/api.w.org\/{rel}","templated":true}]}}