{"id":105,"date":"2017-06-15T09:48:06","date_gmt":"2017-06-15T07:48:06","guid":{"rendered":"http:\/\/hauteverger\/?page_id=105"},"modified":"2024-01-12T16:01:43","modified_gmt":"2024-01-12T15:01:43","slug":"auto","status":"publish","type":"page","link":"https:\/\/www.domainelehautverger.nl\/fr\/contact\/auto\/","title":{"rendered":"En voiture"},"content":{"rendered":"<p><\/p>\n<h1>EN VOITURE<\/h1>\n<p>Vous pourrez facilement rejoindre le Domaine Le Haut Verger en voiture.<\/p>\n<p>Voulez-vous un assistant sur la route ? Cliquez <a href=\"http:\/\/www.domainelehautverger.nl\/wp-content\/uploads\/2018\/04\/MBGO18.045-DLHV-A4-Route-DEF.pdf\">ici<\/a> pour t\u00e9l\u00e9charger une br\u00e8ve description d&rsquo;itin\u00e9raire que vous pouvez imprimer.<\/p>","protected":false},"excerpt":{"rendered":"<p>EN VOITURE Vous pourrez facilement rejoindre le Domaine Le Haut Verger en voiture. Voulez-vous un assistant sur la route ? Cliquez ici pour t\u00e9l\u00e9charger une br\u00e8ve description d&rsquo;itin\u00e9raire que vous pouvez imprimer.<\/p>\n","protected":false},"author":1,"featured_media":2851,"parent":35,"menu_order":26,"comment_status":"closed","ping_status":"closed","template":"","meta":[],"acf":[],"aioseo_notices":[],"_links":{"self":[{"href":"https:\/\/www.domainelehautverger.nl\/fr\/wp-json\/wp\/v2\/pages\/105"}],"collection":[{"href":"https:\/\/www.domainelehautverger.nl\/fr\/wp-json\/wp\/v2\/pages"}],"about":[{"href":"https:\/\/www.domainelehautverger.nl\/fr\/wp-json\/wp\/v2\/types\/page"}],"author":[{"embeddable":true,"href":"https:\/\/www.domainelehautverger.nl\/fr\/wp-json\/wp\/v2\/users\/1"}],"replies":[{"embeddable":true,"href":"https:\/\/www.domainelehautverger.nl\/fr\/wp-json\/wp\/v2\/comments?post=105"}],"version-history":[{"count":19,"href":"https:\/\/www.domainelehautverger.nl\/fr\/wp-json\/wp\/v2\/pages\/105\/revisions"}],"predecessor-version":[{"id":3817,"href":"https:\/\/www.domainelehautverger.nl\/fr\/wp-json\/wp\/v2\/pages\/105\/revisions\/3817"}],"up":[{"embeddable":true,"href":"https:\/\/www.domainelehautverger.nl\/fr\/wp-json\/wp\/v2\/pages\/35"}],"wp:featuredmedia":[{"embeddable":true,"href":"https:\/\/www.domainelehautverger.nl\/fr\/wp-json\/wp\/v2\/media\/2851"}],"wp:attachment":[{"href":"https:\/\/www.domainelehautverger.nl\/fr\/wp-json\/wp\/v2\/media?parent=105"}],"curies":[{"name":"wp","href":"https:\/\/api.w.org\/{rel}","templated":true}]}}