{"id":101,"date":"2017-06-15T09:47:22","date_gmt":"2017-06-15T08:47:22","guid":{"rendered":"http:\/\/hauteverger\/?page_id=101"},"modified":"2018-03-09T19:11:12","modified_gmt":"2018-03-09T18:11:12","slug":"cultuur","status":"publish","type":"page","link":"https:\/\/www.domainelehautverger.nl\/fr\/omgeving\/cultuur\/","title":{"rendered":"Culture"},"content":{"rendered":"<p><\/p>\n<h1>BIEN DOT\u00c9<\/h1>\n<p>La vie culturelle dans le Berry \u00a0est tr\u00e8s vari\u00e9e. Il y a plusieurs festivals (au niveau international) de musique, parmis lesquelles Le Festival d\u2019\u00c9t\u00e9 \u00e0 Gargilesse et un festival de piano \u00e0 Nohant-Vic, sur le domaine o\u00f9 pendant le 19\u00e8me si\u00e8cle vivait l\u2019\u00e9crivain George Sand avec son amant, le compositeur Chopin. George Sand a rassembl\u00e9 autour d&rsquo;elle un groupe color\u00e9 de peintres, d&rsquo;\u00e9crivains, de philosophes, de musiciens et de boh\u00e9miens, et son influence sur la vie culturelle de cette r\u00e9gion est encore perceptible.<\/p>\n<p>Les peintres ont toujours \u00e9t\u00e9 inspir\u00e9s par le paysage \u00e9tonnant de la vall\u00e9e de la Creuse. Par exemple, les impressionnistes Claude Monet, Alfred Smith, Allan \u00d6sterlind et L\u00e9on Detroy, tels que les artistes de bande dessin\u00e9e Jean-Charles Kraehn et Patrice Pellerin, ont v\u00e9cu et travaill\u00e9 ici. Dans de nombreux villages et villes, vous trouverez des mus\u00e9es petits et grands avec diff\u00e9rentes collections de ces artistes. Et de nos jours, il y a encore beaucoup de peintres qui vivent et travaillent dans le Berry.<\/p>\n<p>En ce qui concerne l&rsquo;architecture, le Berry est simplement parsem\u00e9 de d\u00e9lices architecturaux. Nous avons d\u00e9j\u00e0 mentionn\u00e9 l&rsquo;impressionnante cath\u00e9drale de Bourges, qui poss\u00e8de des vitraux exceptionnellement beaux. Toujours \u00e0 Bourges, vous trouverez le Palais Jacques Coeur, un bel exemple du gothique flamboyant. Mais le magnifique ch\u00e2teau de Valen\u00e7ay, une fois la r\u00e9sidence du prince de Talleyrand, ou la simplicit\u00e9 aust\u00e8re de l&rsquo;abbaye de Noirlac, ou l&rsquo;\u00e9glise sereine de Ceaulmont, ou &#8230; Tout tellement inspirante, tout tellement beau \u2026<\/p>\n<p>Pendant la saison estivale, le Cirque Bidon de Berry, c\u00e9l\u00e8bre dans la r\u00e9gion, se d\u00e9place de villes en villages sur des roulottes \u00e0 l&rsquo;ancienne tir\u00e9es par des chevaux. Les spectacles tr\u00e8s anim\u00e9s sont donn\u00e9s en plein air.<\/p>","protected":false},"excerpt":{"rendered":"<p>BIEN DOT\u00c9 La vie culturelle dans le Berry \u00a0est tr\u00e8s vari\u00e9e. Il y a plusieurs festivals (au niveau international) de musique, parmis lesquelles Le Festival d\u2019\u00c9t\u00e9 \u00e0 Gargilesse et un festival de piano \u00e0 Nohant-Vic, sur le domaine o\u00f9 pendant le 19\u00e8me si\u00e8cle vivait l\u2019\u00e9crivain George Sand avec son amant, le compositeur Chopin. George Sand [&hellip;]<\/p>\n","protected":false},"author":1,"featured_media":2024,"parent":33,"menu_order":22,"comment_status":"closed","ping_status":"closed","template":"","meta":[],"acf":[],"aioseo_notices":[],"_links":{"self":[{"href":"https:\/\/www.domainelehautverger.nl\/fr\/wp-json\/wp\/v2\/pages\/101"}],"collection":[{"href":"https:\/\/www.domainelehautverger.nl\/fr\/wp-json\/wp\/v2\/pages"}],"about":[{"href":"https:\/\/www.domainelehautverger.nl\/fr\/wp-json\/wp\/v2\/types\/page"}],"author":[{"embeddable":true,"href":"https:\/\/www.domainelehautverger.nl\/fr\/wp-json\/wp\/v2\/users\/1"}],"replies":[{"embeddable":true,"href":"https:\/\/www.domainelehautverger.nl\/fr\/wp-json\/wp\/v2\/comments?post=101"}],"version-history":[{"count":21,"href":"https:\/\/www.domainelehautverger.nl\/fr\/wp-json\/wp\/v2\/pages\/101\/revisions"}],"predecessor-version":[{"id":2721,"href":"https:\/\/www.domainelehautverger.nl\/fr\/wp-json\/wp\/v2\/pages\/101\/revisions\/2721"}],"up":[{"embeddable":true,"href":"https:\/\/www.domainelehautverger.nl\/fr\/wp-json\/wp\/v2\/pages\/33"}],"wp:featuredmedia":[{"embeddable":true,"href":"https:\/\/www.domainelehautverger.nl\/fr\/wp-json\/wp\/v2\/media\/2024"}],"wp:attachment":[{"href":"https:\/\/www.domainelehautverger.nl\/fr\/wp-json\/wp\/v2\/media?parent=101"}],"curies":[{"name":"wp","href":"https:\/\/api.w.org\/{rel}","templated":true}]}}